{"id":83,"date":"2025-04-29T00:32:43","date_gmt":"2025-04-28T22:32:43","guid":{"rendered":"https:\/\/lecartableanglais.fr\/?page_id=83"},"modified":"2025-04-29T13:49:15","modified_gmt":"2025-04-29T11:49:15","slug":"temoignages-de-nos-clients","status":"publish","type":"page","link":"https:\/\/lecartableanglais.fr\/index.php\/temoignages-de-nos-clients\/","title":{"rendered":"T\u00e9moignages de nos clients"},"content":{"rendered":"\n<h5 class=\"wp-block-heading\">Sondage des parents en mai \/ juin 2022<\/h5>\n\n\n\n<figure class=\"wp-block-image size-full\"><img loading=\"lazy\" decoding=\"async\" width=\"306\" height=\"285\" src=\"https:\/\/lecartableanglais.fr\/wp-content\/uploads\/2025\/04\/EVAL-MAI-2022.jpg\" alt=\"\" class=\"wp-image-26\" srcset=\"https:\/\/lecartableanglais.fr\/wp-content\/uploads\/2025\/04\/EVAL-MAI-2022.jpg 306w, https:\/\/lecartableanglais.fr\/wp-content\/uploads\/2025\/04\/EVAL-MAI-2022-300x279.jpg 300w\" sizes=\"auto, (max-width: 306px) 100vw, 306px\" \/><\/figure>\n\n\n\n<div class=\"wp-block-stackable-divider stk-block-divider stk-block stk-7b65137\" data-block-id=\"7b65137\"><hr class=\"stk-block-divider__hr\"\/><\/div>\n\n\n\n<h5 class=\"wp-block-heading\">Cours pour enfants<\/h5>\n\n\n\n<ul class=\"wp-block-list\">\n<li>\u00ab Sur les 3 derni\u00e8res ann\u00e9es, Alicia avait une moyenne de 22 sur 20 en anglais et ses devoirs servent de mod\u00e8les aux corrections de ses profs&#8230; Bref, tu peux feliciter l&#8217;\u00e9quipe de ma part!<\/li>\n\n\n\n<li>\u00ab Bravo pour la qualit\u00e9 de l enseignement&nbsp;\u00bb<\/li>\n\n\n\n<li>\u00ab Gr\u00e2ce \u00e0 vous, mes enfants travaillent tr\u00e8s bien en anglais.&nbsp;\u00bb<\/li>\n\n\n\n<li>\u00ab Nous appr\u00e9cions le travail en petit groupe, une chance de participer activement pour tous les \u00e9l\u00e8ves&nbsp;\u00bb<\/li>\n\n\n\n<li>\u00ab Je vois que ma fille a bien progress\u00e9, elle appr\u00e9cie les cours.&nbsp;\u00bb<\/li>\n\n\n\n<li>\u00ab les cours repr\u00e9sentent un bon compl\u00e9ment au programme scolaire&nbsp;\u00bb<\/li>\n\n\n\n<li>\u00ab Cyprien appr\u00e9cie beaucoup ses cours. Il a pris confiance pour s\u2019exprimer en anglais et le format avec peu d\u2019\u00e9l\u00e8ves lui convient tr\u00e8s bien&nbsp;\u00bb<\/li>\n\n\n\n<li>\u00ab Merci pour votre investissement et les solutions rapides, c\u2019est appr\u00e9ciable, l\u2019ann\u00e9e prochaine, en \u00e9tant optimiste, je voudrais inscrire mon 3e enfant. Parce que on peut compter sur vous m\u00eame en p\u00e9riode difficile, c\u2019est rassurant. Bon courage \u00e0 vous !&nbsp;\u00bb<\/li>\n\n\n\n<li>\u00ab Les cours \u00e0 distance avec Sarah sont vraiment bien men\u00e9s, elle parvient \u00e0 garder les enfants tr\u00e8s concentr\u00e9s pendant 1 heure.&nbsp;\u00bb<\/li>\n\n\n\n<li>\u00ab Les cours \u00e0 distance sont tr\u00e8s appr\u00e9ci\u00e9s des enfants. En tant que parents, nous pensons que cela est tout \u00e0 fait utile aux enfants : les enfants sont attentifs et l&#8217;apprentissage se fait tr\u00e8s bien, et les enfants apprennent un peu \u00e0 utiliser l&#8217;outil informatique. Le contact avec l&#8217;enseignant en classe est important mais il n&#8217;est pas n\u00e9cessaire \u00e0 chaque s\u00e9ance.&nbsp;\u00bb\u00ab C&#8217;est cours sont supers mon enfant progresse bien.&nbsp;\u00bb<\/li>\n\n\n\n<li>\u00ab Cours tr\u00e8s interactifs que notre fille appr\u00e9cie beaucoup. Jess est tr\u00e8s p\u00e9dagogue&nbsp;\u00bb<\/li>\n\n\n\n<li>\u00ab Mes 2 enfants ont fait le cartable anglais pendant 5 ans. Je suis ravie&nbsp;\u00bb<\/li>\n\n\n\n<li>\u00ab tr\u00e8s bonne m\u00e9thode, bonne progression pour notre fils. Merci pour le travail de cette ann\u00e9e et bonne continuation.&nbsp;\u00bb Anca Topan&nbsp;<\/li>\n\n\n\n<li>\u00ab Bonjour, Merci pour cette ann\u00e9e et tr\u00e8s bel \u00e9t\u00e9 \u00e0 vous.&nbsp;Les gar\u00e7ons sont ravis de continuer les cours l\u2019an prochain. Bien \u00e0 vous,\u00bb Tasmine&nbsp;<\/li>\n\n\n\n<li>\u00ab Bonjour, Merci beaucoup pour cette appr\u00e9ciation qui fera beaucoup plaisir \u00e0 notre fils. C\u2019est avec regret qu\u2019il arr\u00eate les cours d\u2019anglais avec vous. Il a appris beaucoup et surtout il a pris confiance en lui pour s\u2019exprimer en anglais.\u00bb Jean-Claude Razafindrakoto&nbsp;<\/li>\n\n\n\n<li>\u00ab Notre fille a beaucoup aim\u00e9 les cours du Cartable anglais et elle parle maintenant vraiment bien anglais !&nbsp;\u00bb&nbsp;Sophie Garrigou<\/li>\n\n\n\n<li>\u00ab Merci de tout ce que vous avez fait pour notre fille. Elle ne va pas continuer le cartable anglais l\u2019ann\u00e9e prochaine car elle va consacrer du temps \u00e0 renforcer son allemand.&nbsp;Je vous remercie pour le niveau que Camille a atteint, elle vous doit beaucoup \u00bb Beatrice Billac&nbsp;<\/li>\n\n\n\n<li>\u00ab Bonjour,&nbsp;Gr\u00e2ce \u00e0 ses trois ann\u00e9es au Cartable Anglais, notre fils a \u00e9t\u00e9 admis en 4\u00e8me Section Europ\u00e9enne.&nbsp;Nous sommes ravis de votre enseignement et nous ne manquerons pas de faire votre publicit\u00e9.&nbsp;Un Grand Merci !&nbsp;Bien \u00e0 vous&nbsp;\u00bb&nbsp;Marie Derville<\/li>\n\n\n\n<li>\u00ab Nos fils (10 ans et 6 ans) ont suivi les cours du Cartable Anglais cette ann\u00e9e. L&#8217;a\u00een\u00e9, qui maitrise l\u2019oral, gr\u00e2ce \u00e0 son p\u00e8re canadien qui ne lui parle qu\u2019en anglais, n\u2019avait aucune exp\u00e9rience de l\u2019\u00e9crit. Ses progr\u00e8s ont \u00e9t\u00e9 fulgurants et cette ann\u00e9e il a int\u00e9gr\u00e9 avec succ\u00e8s la section internationale de S\u00e8vres en 6\u00e8me. Nous devons beaucoup \u00e0 l\u2019\u00e9quipe du Cartable Anglais pour ce succ\u00e8s. Le cadet qui refusait de s\u2019exprimer en anglais a \u00e9galement \u00e9norm\u00e9ment progress\u00e9 et aime beaucoup le cot\u00e9 ludique de l\u2019enseignement. Il pr\u00e9f\u00e8re l\u2019\u00e9cole anglaise \u00e0 l\u2019\u00e9cole fran\u00e7aise nous a t\u2019il dit. Nous appr\u00e9cions la qualit\u00e9 de l\u2019\u00e9quipe p\u00e9dagogique et recommandons vivement aux parents qui le souhaitent d\u2019offrir cette exp\u00e9rience \u00e0 leurs enfants. \u00bb Noelle Roederer<\/li>\n\n\n\n<li>\u00ab Ici les filles sont quotidiennement en contact avec des personnes ne parlant que l&#8217;anglais et elles se d\u00e9brouillent pas si mal&#8230; donc bravo pour ta m\u00e9thode et merci encore ! On s&#8217;est fait la remarque qu&#8217;elles parlent spontan\u00e9ment en anglais aux gens, pas pour un grand discours mais pour &#8220;bonjour, comment allez vous ? du riz non epic\u00e9, c&#8217;est tr\u00e8s joli, est ce qu&#8217;il y a des serpents, chauves souris&#8230;&#8221; Et puis d&#8217;entendre leur p\u00e8re parler leur montre l&#8217;importance de l&#8217;apprentissage car sans anglais pas de voyage routard possible. Enfin, les petites chansons apprises cette ann\u00e9e nous accompagnent. \u00bb Elodie et Vincent Pascal<\/li>\n\n\n\n<li>\u00ab After 2 years in France, our daughter, who was bilingual, was reluctant to speak English. Her teacher helped her express herself for the past 6 months through lessons and activities our daughter enjoyed. One of the goals for sending her to Le Cartable Anglais was to help her join the SIS program, and we are happy to say that she was selected into the integrated (bilingual) primary program. \u00bb Senthil Palanisamy et Elisabeth Jousse<\/li>\n\n\n\n<li>\u00ab Merci beaucoup pour votre gentillesse et diligence. Cette ann\u00e9e d&#8217;initiation \u00e0 l&#8217;anglais s&#8217;est montr\u00e9e satisfaisante aussi bien dans l&#8217;int\u00e9r\u00eat que dans l&#8217;approche ludique. Nous souhaitons que cela continue longtemps. \u00bb Mme. Elkaim<\/li>\n<\/ul>\n\n\n\n<ul class=\"wp-block-list\">\n<li>\u00ab L&#8217;ann\u00e9e 2012\/2013 au Cartable Anglais a \u00e9t\u00e9 tr\u00e8s b\u00e9n\u00e9fique pour notre fils et je souhaiterais qu&#8217;il puisse continuer et progresser. Merci. Cordialement. \u00bb Mme. Huor<\/li>\n<\/ul>\n\n\n\n<div class=\"wp-block-stackable-divider stk-block-divider stk-block stk-19fac98\" data-block-id=\"19fac98\"><hr class=\"stk-block-divider__hr\"\/><\/div>\n\n\n\n<h5 class=\"wp-block-heading\">Cours pour adultes<\/h5>\n\n\n\n<ul class=\"wp-block-list\">\n<li>\u00ab Je suis tr\u00e8s contente du cours, il correspond tout \u00e0 fait \u00e0 mes attentes. \u00bb Emmanuel Demeestere<\/li>\n\n\n\n<li>\u00ab Notre professeur est am\u00e9ricaine et nous donne les deux versions GB et US de la langue, \u00e7a c\u2019est super, et en plus elle est tr\u00e8s agr\u00e9able. \u00bb Patricia Baron de Col<\/li>\n\n\n\n<li>\u00ab Un mot pour te dire que je suis ravie des cours du lundi. L&#8217;ambiance est tr\u00e8s agr\u00e9able et la m\u00e9thode tout \u00e0 fait adapt\u00e9e. Ca fait beaucoup de bien !!! C\u2019est tr\u00e8s efficace et motivant. \u00bb Anne Bouvier<\/li>\n\n\n\n<li>\u00ab It was really interesting and for me it\u2019s exactly what I was looking for. \u00bb Sophie Fjelddahl<\/li>\n<\/ul>\n\n\n\n<div class=\"wp-block-stackable-divider stk-block-divider stk-block stk-3dda10f\" data-block-id=\"3dda10f\"><hr class=\"stk-block-divider__hr\"\/><\/div>\n\n\n\n<h5 class=\"wp-block-heading\">Divers<\/h5>\n\n\n\n<ul class=\"wp-block-list\">\n<li>Notre fils aime beaucoup son enseignante cette ann\u00e9e et progresse vite<\/li>\n\n\n\n<li>Notre fils appr\u00e9cie beaucoup les cours d&#8217;anglais . Le manuel utilis\u00e9 est tr\u00e8s ludique. Les cours sont en petit comit\u00e9, ce qui est tr\u00e8s appr\u00e9ciable<\/li>\n\n\n\n<li>Support de cours est ludique, qqs devoirs sont n\u00e9cessaires<\/li>\n\n\n\n<li>Peu d&#8217;effectif favorise la prise de parole<\/li>\n\n\n\n<li>La p\u00e9dagogie et la progression visible de l enfant<\/li>\n\n\n\n<li>Dans la bonne humeur !<\/li>\n\n\n\n<li>Fond\u00e9 sur l&#8217;\u00e9change et les aspects ludiques, petits groupes<\/li>\n\n\n\n<li>La methode est tres progressive et permet de bien integrer le vocabulaire de chaque chapitre<\/li>\n\n\n\n<li>Aspect ludique de l&#8217;apprentissage.<\/li>\n\n\n\n<li>Professeurs de langue maternelle anglaise. c&#8217;est important pour l&#8217;accent<\/li>\n\n\n\n<li>La petite taille des groupes, la langue maternelle anglaise des professeurs, les devoirs et bulletins scolaires<\/li>\n\n\n\n<li>J&#8217;ai apreci\u00e9 de pouvoir suivre les cours de mon fils avec les CD<\/li>\n\n\n\n<li>Plaisir de l&#8217;enfant qui va au cours. Didactique et p\u00e9dagogique. Tr\u00e8s bien pour une 1\u00e8re ann\u00e9e<\/li>\n\n\n\n<li>Peu d&#8217;\u00e9l\u00e8ves,un enseignement plus personnel<\/li>\n\n\n\n<li>Approche ludique, acquisition rapide<\/li>\n\n\n\n<li>Notre fils est toujours content d&#8217;aller et il a de meilleurs r\u00e9sultats \u00e0 l&#8217;\u00e9cole. Nous appr\u00e9cions que les cours se fassent par petits groupes<\/li>\n\n\n\n<li>M\u00e9thode ludique d\u2019apprentissage, les supports pour r\u00e9viser avec les enfants (reinforcement worksheets, CD ROM\u2026) r\u00e9vision de vocabulaire acquis au fur et \u00e0 la mesure d\u2019avancement<\/li>\n\n\n\n<li>Les cours sont tr\u00e8s bien. Mes enfants appr\u00e9cient. J&#8217;appr\u00e9cie particuli\u00e8rement qu&#8217;ils sont donn\u00e9s par des anglophones<\/li>\n\n\n\n<li>L&#8217;enthousiasme de notre fille quand elle rentre du cours !! c&#8217;est ludique et encourageant<\/li>\n\n\n\n<li>S\u00e9rieux des cours, professeur agr\u00e9able et \u00e0 l&#8217;\u00e9coute<\/li>\n\n\n\n<li>C&#8217;est une enseignante tr\u00e8s agr\u00e9able et comp\u00e9tente<\/li>\n\n\n\n<li>Les devoirs sont envoy\u00e9s par email et ne sont pas trop longs, donc appr\u00e9ci\u00e9s par l&#8217;enfant<\/li>\n\n\n\n<li>Une bonne dynamique, un plaisir pour les enfants de venir et un bon apprentissage<\/li>\n<\/ul>\n","protected":false},"excerpt":{"rendered":"<p>Sondage des parents en mai \/ juin 2022 Cours pour enfants Cours pour adultes Divers<\/p>\n","protected":false},"author":1,"featured_media":0,"parent":0,"menu_order":0,"comment_status":"closed","ping_status":"closed","template":"","meta":{"footnotes":""},"class_list":["post-83","page","type-page","status-publish","hentry"],"blocksy_meta":[],"_links":{"self":[{"href":"https:\/\/lecartableanglais.fr\/index.php\/wp-json\/wp\/v2\/pages\/83","targetHints":{"allow":["GET"]}}],"collection":[{"href":"https:\/\/lecartableanglais.fr\/index.php\/wp-json\/wp\/v2\/pages"}],"about":[{"href":"https:\/\/lecartableanglais.fr\/index.php\/wp-json\/wp\/v2\/types\/page"}],"author":[{"embeddable":true,"href":"https:\/\/lecartableanglais.fr\/index.php\/wp-json\/wp\/v2\/users\/1"}],"replies":[{"embeddable":true,"href":"https:\/\/lecartableanglais.fr\/index.php\/wp-json\/wp\/v2\/comments?post=83"}],"version-history":[{"count":4,"href":"https:\/\/lecartableanglais.fr\/index.php\/wp-json\/wp\/v2\/pages\/83\/revisions"}],"predecessor-version":[{"id":199,"href":"https:\/\/lecartableanglais.fr\/index.php\/wp-json\/wp\/v2\/pages\/83\/revisions\/199"}],"wp:attachment":[{"href":"https:\/\/lecartableanglais.fr\/index.php\/wp-json\/wp\/v2\/media?parent=83"}],"curies":[{"name":"wp","href":"https:\/\/api.w.org\/{rel}","templated":true}]}}