{"id":80,"date":"2025-04-29T00:26:20","date_gmt":"2025-04-28T22:26:20","guid":{"rendered":"https:\/\/lecartableanglais.fr\/?page_id=80"},"modified":"2025-07-12T16:34:47","modified_gmt":"2025-07-12T14:34:47","slug":"cours-hebdomadaires-collectifs-pour-collegiens-et-lyceens","status":"publish","type":"page","link":"https:\/\/lecartableanglais.fr\/index.php\/cours-hebdomadaires-collectifs-pour-collegiens-et-lyceens\/","title":{"rendered":"Cours hebdomadaires collectifs pour coll\u00e9giens et lyc\u00e9ens"},"content":{"rendered":"\n<p>Votre enfant est au coll\u00e8ge ou au lyc\u00e9e : le rythme d&#8217;apprentissage d&#8217;anglais \u00e0 l&#8217;\u00e9cole s&#8217;intensifie, il apprend&nbsp;<strong>beaucoup de vocabulaire<\/strong>,&nbsp;<strong>les bases grammaticales s&#8217;\u00e9claircissent<\/strong>&nbsp;et il est expos\u00e9 \u00e0 de plus en plus d&#8217;anglais oral, non seulement \u00e0 l&#8217;\u00e9cole mais aussi sur internet, au cin\u00e9ma et \u00e0 la t\u00e9l\u00e9vision.<\/p>\n\n\n\n<p>Mais il lui manque&nbsp;<strong>un espace de pratique plus intime<\/strong>, o\u00f9 il pourra mettre en \u0153uvre ses apprentissages,&nbsp;<strong>progresser<\/strong>&nbsp;en prononciation&nbsp;<strong>avec un &#8220;native speaker&#8221;,<\/strong>&nbsp;et sans s&#8217;exposer devant toute la classe.<\/p>\n\n\n\n<div class=\"wp-block-stackable-divider stk-block-divider stk-block stk-37573e7\" data-block-id=\"37573e7\"><hr class=\"stk-block-divider__hr\"\/><\/div>\n\n\n\n<h5 class=\"wp-block-heading\">M\u00e9thode<\/h5>\n\n\n\n<p>Notre m\u00e9thode est compl\u00e9mentaire au programme scolaire et permet aussi bien l\u2019approfondissement de l&#8217;anglais pour les enfants d\u00e9j\u00e0 \u00e0 l\u2019aise que le renforcement des acquis pour ceux qui en ressentent le besoin. Les enfants sont regroup\u00e9s par niveau et non pas par \u00e2ge pour un apprentissage plus efficace.&nbsp;La qualit\u00e9 de nos enseignants et de la m\u00e9thode utilis\u00e9e ainsi que le faible effectif de chaque groupe permettent aux enfants de construire de solides connaissances.&nbsp;Aux les coll\u00e9giens et lyc\u00e9ens ayant un niveau A2 bien acquis nous proposons des cours \u00e0 distance exploitant la m\u00e9thode&nbsp;&#8220;Think&#8221;,&nbsp;tr\u00e8s riche et vivante, et centr\u00e9e sur les pr\u00e9occupations de leur \u00e2ge.&nbsp;<\/p>\n\n\n\n<ul class=\"wp-block-list\">\n<li>Un enseignant d\u2019anglais exp\u00e9riment\u00e9, dipl\u00f4m\u00e9 et de langue maternelle anglaise<\/li>\n\n\n\n<li>Chaque groupe compte 6-7 \u00e9l\u00e8ves en moyenne (limit\u00e9 \u00e0 8 \u00e9l\u00e8ves au maximum)<\/li>\n\n\n\n<li>Les groupes les plus avanc\u00e9s utilisent une m\u00e9thode adapt\u00e9e aux adolescents, autour de th\u00e8mes contemporains.&nbsp;<\/li>\n\n\n\n<li>Des exercices \u00e0 faire \u00e0 la maison vous sont communiqu\u00e9s via un site d\u00e9di\u00e9 chaque semaine<\/li>\n<\/ul>\n\n\n\n<div class=\"wp-block-stackable-divider stk-block-divider stk-block stk-9d28cee\" data-block-id=\"9d28cee\"><hr class=\"stk-block-divider__hr\"\/><\/div>\n\n\n\n<h5 class=\"wp-block-heading\">Les objectifs de nos cours sont<\/h5>\n\n\n\n<ul class=\"wp-block-list\">\n<li>Revoir des points cl\u00e9s de la grammaire anglaise qui n\u2019ont pas \u00e9t\u00e9 compl\u00e8tement assimil\u00e9s, un domaine de moins en moins trait\u00e9 au coll\u00e8ge, rarement au lyc\u00e9e, pourtant essentiel pour bien maitriser la langue anglaise<\/li>\n\n\n\n<li>Pratiquer \u00e0 l\u2019oral les apprentissages plus th\u00e9oriques acquis \u00e0 l&#8217;\u00e9cole<\/li>\n\n\n\n<li>D\u00e9velopper la confiance pour s&#8217;exprimer en anglais<\/li>\n\n\n\n<li>Acqu\u00e9rir une bonne prononciation, notamment des accents toniques<\/li>\n\n\n\n<li>Faire en sorte que la progression en anglais reste un plaisir<\/li>\n<\/ul>\n\n\n\n<div class=\"wp-block-stackable-divider stk-block-divider stk-block stk-d9642ef\" data-block-id=\"d9642ef\"><hr class=\"stk-block-divider__hr\"\/><\/div>\n\n\n\n<h5 class=\"wp-block-heading\">Votre inscription comprend<\/h5>\n\n\n\n<ul class=\"wp-block-list\">\n<li>32 cours d\u2019une heure par semaine (de mi-septembre \u00e0 fin juin) pendant les p\u00e9riodes scolaires<\/li>\n\n\n\n<li>Un cahier d\u2019exercices nominatif d\u2019une m\u00e9thode ludique, structur\u00e9e et compl\u00e9mentaire au programme scolaire, o\u00f9 la priorit\u00e9 est donn\u00e9e \u00e0 la progression \u00e0 l\u2019oral<\/li>\n\n\n\n<li>Une communication permanente avec l&#8217;enseignant avant et apr\u00e8s chaque cours pour partager l&#8217;avancement de votre enfant et traiter toute difficult\u00e9 rencontr\u00e9e<\/li>\n\n\n\n<li>L\u2019acc\u00e8s illimit\u00e9 au site Speakyplanet o\u00f9 votre enfant enrichira son vocabulaire par le jeu<\/li>\n<\/ul>\n\n\n\n<div class=\"wp-block-stackable-divider stk-block-divider stk-block stk-0e5a673\" data-block-id=\"0e5a673\"><hr class=\"stk-block-divider__hr\"\/><\/div>\n\n\n\n<h5 class=\"wp-block-heading\">Comment inscrire votre enfant<\/h5>\n\n\n\n<p>Les horaires et la fiche d\u2019inscription sont disponibles <a href=\"https:\/\/lecartableanglais.fr\/index.php\/inscriptions-aux-cours-hebdomadaires-2025-2026\/\" data-type=\"page\" data-id=\"73\">ICI<\/a><\/p>\n","protected":false},"excerpt":{"rendered":"<p>Votre enfant est au coll\u00e8ge ou au lyc\u00e9e : le rythme d&#8217;apprentissage d&#8217;anglais \u00e0 l&#8217;\u00e9cole s&#8217;intensifie, il apprend&nbsp;beaucoup de vocabulaire,&nbsp;les bases grammaticales s&#8217;\u00e9claircissent&nbsp;et il est expos\u00e9 \u00e0 de plus en plus d&#8217;anglais oral, non seulement \u00e0 l&#8217;\u00e9cole mais aussi sur internet, au cin\u00e9ma et \u00e0 la t\u00e9l\u00e9vision. Mais il lui manque&nbsp;un espace de pratique plus [&hellip;]<\/p>\n","protected":false},"author":1,"featured_media":34,"parent":0,"menu_order":0,"comment_status":"closed","ping_status":"closed","template":"","meta":{"footnotes":""},"class_list":["post-80","page","type-page","status-publish","has-post-thumbnail","hentry"],"blocksy_meta":[],"_links":{"self":[{"href":"https:\/\/lecartableanglais.fr\/index.php\/wp-json\/wp\/v2\/pages\/80","targetHints":{"allow":["GET"]}}],"collection":[{"href":"https:\/\/lecartableanglais.fr\/index.php\/wp-json\/wp\/v2\/pages"}],"about":[{"href":"https:\/\/lecartableanglais.fr\/index.php\/wp-json\/wp\/v2\/types\/page"}],"author":[{"embeddable":true,"href":"https:\/\/lecartableanglais.fr\/index.php\/wp-json\/wp\/v2\/users\/1"}],"replies":[{"embeddable":true,"href":"https:\/\/lecartableanglais.fr\/index.php\/wp-json\/wp\/v2\/comments?post=80"}],"version-history":[{"count":5,"href":"https:\/\/lecartableanglais.fr\/index.php\/wp-json\/wp\/v2\/pages\/80\/revisions"}],"predecessor-version":[{"id":233,"href":"https:\/\/lecartableanglais.fr\/index.php\/wp-json\/wp\/v2\/pages\/80\/revisions\/233"}],"wp:featuredmedia":[{"embeddable":true,"href":"https:\/\/lecartableanglais.fr\/index.php\/wp-json\/wp\/v2\/media\/34"}],"wp:attachment":[{"href":"https:\/\/lecartableanglais.fr\/index.php\/wp-json\/wp\/v2\/media?parent=80"}],"curies":[{"name":"wp","href":"https:\/\/api.w.org\/{rel}","templated":true}]}}