{"id":77,"date":"2025-04-29T00:07:41","date_gmt":"2025-04-28T22:07:41","guid":{"rendered":"https:\/\/lecartableanglais.fr\/?page_id=77"},"modified":"2025-07-12T16:37:45","modified_gmt":"2025-07-12T14:37:45","slug":"cours-hebdomadaires-pour-ecoliers","status":"publish","type":"page","link":"https:\/\/lecartableanglais.fr\/index.php\/cours-hebdomadaires-pour-ecoliers\/","title":{"rendered":"Cours hebdomadaires pour \u00e9coliers"},"content":{"rendered":"\n<h5 class=\"wp-block-heading\">L&#8217;apprentissage de la langue anglaise devient un plaisir.<\/h5>\n\n\n\n<p>La&nbsp;<strong>qualit\u00e9 de nos enseignants<\/strong>, et de la&nbsp;<strong>m\u00e9thode ludique<\/strong>&nbsp;utilis\u00e9e ainsi que le&nbsp;<strong>petit nombre d&#8217;\u00e9l\u00e8ves&nbsp;<\/strong>dans chaque groupe&nbsp;permet aux enfants de faire des&nbsp;<strong>progr\u00e8s rapides et durables<\/strong>.<\/p>\n\n\n\n<p>Les enfants prennent confiance pour s&#8217;exprimer en anglais.&nbsp;Ils acqui\u00e8rent une bonne prononciation, et notamment l&#8217;utilisation correcte des accents toniques.<\/p>\n\n\n\n<p class=\"has-text-align-center\"><strong><a href=\"https:\/\/lecartableanglais.fr\/index.php\/inscriptions-aux-cours-hebdomadaires-2025-2026\/\" data-type=\"page\" data-id=\"73\">INSCRIPTIONS ICI<\/a><\/strong><\/p>\n\n\n\n<h5 class=\"wp-block-heading\">La M\u00e9thode<\/h5>\n\n\n\n<p>Au Cartable Anglais nous utilisons des m\u00e9thodes adapt\u00e9es \u00e0 chaque niveau et \u00e2ge des \u00e9l\u00e8ves.<\/p>\n\n\n\n<ul class=\"wp-block-list\">\n<li><strong>\u00ab Kid\u2019s Box \u00bb \u00e0 partir du CE1<\/strong>. De conception moderne, ludique et rigoureuse, cette m\u00e9thode publi\u00e9e par Cambridge University Press a \u00e9t\u00e9 d\u00e9velopp\u00e9e sp\u00e9cifiquement pour l\u2019enseignement de l\u2019anglais aux enfants \u00e9trangers.<\/li>\n\n\n\n<li>Pour les enfants des&nbsp;<strong>Petite, Moyenne et Grande sections, nous utilisons beaucoup de jeux et des comptines, et aussi la m\u00e9thode \u00ab Super Safari \u00bb<\/strong>, sans \u00e9crit et publi\u00e9 par la m\u00eame maison d&#8217;\u00e9dition.<\/li>\n\n\n\n<li>Les&nbsp;<strong>CP, dont les cours restent tr\u00e8s ludiques, suivent \u00ab Super Minds \u00bb<\/strong>,&nbsp;m\u00e9thode sans \u00e9crit \u00e9galement.<\/li>\n<\/ul>\n\n\n\n<p>Les cours sont efficaces sur le plan p\u00e9dagogique :<\/p>\n\n\n\n<ul class=\"wp-block-list\">\n<li>Les enfants suivent les aventures des membres d\u2019une famille ou d&#8217;amis animaux, ce qui donne un contexte \u00e0 l\u2019apprentissage et maintient leur int\u00e9r\u00eat pendant toute la dur\u00e9e de l\u2019ann\u00e9e.<\/li>\n\n\n\n<li>Les cours se d\u00e9roulent autour d\u2019activit\u00e9s vari\u00e9es (\u00e9coute, \u00e9criture, participation orale, chant, jeux de r\u00f4le, \u2026)<\/li>\n\n\n\n<li>Chaque activit\u00e9 est de courte dur\u00e9e (5-10 minutes)<\/li>\n\n\n\n<li>La participation active des \u00e9l\u00e8ves est continuellement sollicit\u00e9e, la prononciation corrig\u00e9e par nos enseignants de langue maternelle anglaise<\/li>\n\n\n\n<li>Des enregistrements audio sont exploit\u00e9s pour habituer les \u00e9l\u00e8ves \u00e0 diff\u00e9rents accents anglophones<\/li>\n\n\n\n<li>Afin de consolider les acquis chaque cours r\u00e9vise en partie les connaissances d\u00e9j\u00e0 acquises<\/li>\n<\/ul>\n\n\n\n<p>Les supports n\u00e9cessaires pour les enfants sont fournis par Le Cartable Anglais lors de l\u2019inscription de l\u2019\u00e9l\u00e8ve \u00e0 chaque d\u00e9but d\u2019ann\u00e9e scolaire. Le cahier d\u2019exercices est nominatif, chaque \u00e9l\u00e8ve, \u00e0 la discr\u00e9tion de l\u2019enseignante, ram\u00e8ne sa copie chez lui afin de faire des activit\u00e9s demand\u00e9es pendant la semaine et de partager ses connaissances avec ses parents. Les cours sont men\u00e9s en anglais : cette immersion encourage les \u00e9l\u00e8ves \u00e0 s&#8217;exprimer en anglais et facilite l&#8217;apprentissage naturel de la langue.<\/p>\n\n\n\n<p>Chaque groupe compte 6-8 \u00e9l\u00e8ves en moyenne (limit\u00e9 \u00e0 6 pour les petits, moyenne et grande sections, \u00e0 8 \u00e0 partir du CP) Aux les enfants non scolaris\u00e9s (jusqu&#8217;\u00e0 2-3 ans) nous proposons une offre sp\u00e9cifique d\u00e9taill\u00e9e\u00a0<a href=\"https:\/\/lecartableanglais.fr\/index.php\/cours-hebdomadaires-pour-les-tous-petits-versailles-uniquement\/\" data-type=\"page\" data-id=\"74\">ICI<\/a><\/p>\n\n\n\n<div class=\"wp-block-stackable-divider stk-block-divider stk-block stk-7561198\" data-block-id=\"7561198\"><hr class=\"stk-block-divider__hr\"\/><\/div>\n\n\n\n<h5 class=\"wp-block-heading\">Le renforcement \u00e0 la maison<\/h5>\n\n\n\n<p>Le Cartable Anglais demande aux parents de suivre l\u2019ex\u00e9cution des devoirs : les instructions sont communiqu\u00e9es aux parents via les enfants. Pour certains niveaux, un contenu num\u00e9rique en ligne est propos\u00e9 aux enfants pour renforcer leur apprentissage \u00e0 la maison. Et pour compl\u00e9ter, les enfants inscrits au Cartable Anglais b\u00e9n\u00e9ficient d&#8217;un acc\u00e8s illimit\u00e9 au site internet Speakyplanet\u00a0pendant l\u2019ann\u00e9e scolaire. Vos enfants jouent en anglais \u00e0 volont\u00e9 et renforcent leur apprentissage de fa\u00e7on tr\u00e8s ludique.<\/p>\n\n\n\n<div class=\"wp-block-stackable-divider stk-block-divider stk-block stk-bf02816\" data-block-id=\"bf02816\"><hr class=\"stk-block-divider__hr\"\/><\/div>\n\n\n\n<h5 class=\"wp-block-heading\">Votre inscription comprend<\/h5>\n\n\n\n<ul class=\"wp-block-list\">\n<li>32 cours d\u2019une heure par semaine (de mi-septembre \u00e0 fin juin) pendant les p\u00e9riodes scolaires<\/li>\n\n\n\n<li>Un enseignement par une personne exp\u00e9riment\u00e9, dipl\u00f4m\u00e9 et d\u2019origine anglo-saxonne<\/li>\n\n\n\n<li>Un cahier d\u2019exercices nominatif d\u2019une m\u00e9thode ludique, structur\u00e9e et compl\u00e9mentaire au programme scolaire<\/li>\n\n\n\n<li>Une communication permanente avec l&#8217;enseignant avant et apr\u00e8s chaque cours pour partager l&#8217;avancement de votre enfant et traiter toute difficult\u00e9 rencontr\u00e9e<\/li>\n\n\n\n<li>L\u2019acc\u00e8s illimit\u00e9 au site www.speakyplanet.fr o\u00f9 votre enfant enrichira son vocabulaire par le jeu<\/li>\n<\/ul>\n\n\n\n<div class=\"wp-block-stackable-divider stk-block-divider stk-block stk-44ba606\" data-block-id=\"44ba606\"><hr class=\"stk-block-divider__hr\"\/><\/div>\n\n\n\n<h5 class=\"wp-block-heading\">Comment inscrire votre enfant<\/h5>\n\n\n\n<p>Les horaires et la fiche d\u2019inscription sont disponibles&nbsp;<a href=\"https:\/\/lecartableanglais.fr\/index.php\/inscriptions-aux-cours-hebdomadaires-2025-2026\/\" data-type=\"page\" data-id=\"73\">ICI<\/a><\/p>\n","protected":false},"excerpt":{"rendered":"<p>L&#8217;apprentissage de la langue anglaise devient un plaisir. La&nbsp;qualit\u00e9 de nos enseignants, et de la&nbsp;m\u00e9thode ludique&nbsp;utilis\u00e9e ainsi que le&nbsp;petit nombre d&#8217;\u00e9l\u00e8ves&nbsp;dans chaque groupe&nbsp;permet aux enfants de faire des&nbsp;progr\u00e8s rapides et durables. Les enfants prennent confiance pour s&#8217;exprimer en anglais.&nbsp;Ils acqui\u00e8rent une bonne prononciation, et notamment l&#8217;utilisation correcte des accents toniques. INSCRIPTIONS ICI La M\u00e9thode Au [&hellip;]<\/p>\n","protected":false},"author":1,"featured_media":34,"parent":0,"menu_order":0,"comment_status":"closed","ping_status":"closed","template":"","meta":{"footnotes":""},"class_list":["post-77","page","type-page","status-publish","has-post-thumbnail","hentry"],"blocksy_meta":[],"_links":{"self":[{"href":"https:\/\/lecartableanglais.fr\/index.php\/wp-json\/wp\/v2\/pages\/77","targetHints":{"allow":["GET"]}}],"collection":[{"href":"https:\/\/lecartableanglais.fr\/index.php\/wp-json\/wp\/v2\/pages"}],"about":[{"href":"https:\/\/lecartableanglais.fr\/index.php\/wp-json\/wp\/v2\/types\/page"}],"author":[{"embeddable":true,"href":"https:\/\/lecartableanglais.fr\/index.php\/wp-json\/wp\/v2\/users\/1"}],"replies":[{"embeddable":true,"href":"https:\/\/lecartableanglais.fr\/index.php\/wp-json\/wp\/v2\/comments?post=77"}],"version-history":[{"count":8,"href":"https:\/\/lecartableanglais.fr\/index.php\/wp-json\/wp\/v2\/pages\/77\/revisions"}],"predecessor-version":[{"id":236,"href":"https:\/\/lecartableanglais.fr\/index.php\/wp-json\/wp\/v2\/pages\/77\/revisions\/236"}],"wp:featuredmedia":[{"embeddable":true,"href":"https:\/\/lecartableanglais.fr\/index.php\/wp-json\/wp\/v2\/media\/34"}],"wp:attachment":[{"href":"https:\/\/lecartableanglais.fr\/index.php\/wp-json\/wp\/v2\/media?parent=77"}],"curies":[{"name":"wp","href":"https:\/\/api.w.org\/{rel}","templated":true}]}}