{"id":74,"date":"2025-04-29T00:05:35","date_gmt":"2025-04-28T22:05:35","guid":{"rendered":"https:\/\/lecartableanglais.fr\/?page_id=74"},"modified":"2025-08-31T23:03:51","modified_gmt":"2025-08-31T21:03:51","slug":"cours-hebdomadaires-pour-les-tous-petits-versailles-uniquement","status":"publish","type":"page","link":"https:\/\/lecartableanglais.fr\/index.php\/cours-hebdomadaires-pour-les-tous-petits-versailles-uniquement\/","title":{"rendered":"Cours hebdomadaires pour les tous petits"},"content":{"rendered":"\n<h4 class=\"wp-block-heading\">L&#8217;apprentissage de l&#8217;anglais peut commencer&nbsp;<strong>d\u00e8s le plus jeune \u00e2ge<\/strong><\/h4>\n\n\n\n<h4 class=\"wp-block-heading\">Les tous petits de <strong>z\u00e9ro \u00e0 3 ans<\/strong> sont les bienvenus pour&nbsp;<strong>s&#8217;\u00e9veiller \u00e0 la musicalit\u00e9 de la langue anglaise<\/strong>&nbsp;en chantant et en jouant.&nbsp;&nbsp;<\/h4>\n\n\n\n<div class=\"wp-block-stackable-divider stk-block-divider stk-block stk-b01545e\" data-block-id=\"b01545e\"><hr class=\"stk-block-divider__hr\"\/><\/div>\n\n\n\n<h5 class=\"wp-block-heading\">Votre inscription comprend<\/h5>\n\n\n\n<ul class=\"wp-block-list\">\n<li>32 cours de trente minutes par semaine, le <a href=\"https:\/\/lecartableanglais.fr\/wp-content\/uploads\/2025\/04\/LCA-Horaires-hebdo-enfants-Versailles-2025-2026-v1.pdf\" target=\"_blank\" rel=\"noreferrer noopener\">samedi matin<\/a> pendant les p\u00e9riodes scolaires\n<ul class=\"wp-block-list\">\n<li>9h-9h30 &#8211; Cours pour b\u00e9b\u00e9s 0-2 ans<\/li>\n\n\n\n<li>9h35-10h05 &#8211; Cours pour les Petite Sections de maternelle<\/li>\n<\/ul>\n<\/li>\n\n\n\n<li>Ces cours sont anim\u00e9s par une enseignante exp\u00e9riment\u00e9e dans les premiers pas en anglais avec les tous petits<\/li>\n<\/ul>\n\n\n\n<div class=\"wp-block-stackable-divider stk-block-divider stk-block stk-4d4a62c\" data-block-id=\"4d4a62c\"><hr class=\"stk-block-divider__hr\"\/><\/div>\n\n\n\n<h5 class=\"wp-block-heading\">Comment inscrire votre enfant<\/h5>\n\n\n\n<p>La fiche d\u2019inscription est disponible&nbsp;<a href=\"https:\/\/lecartableanglais.fr\/wp-content\/uploads\/2025\/04\/LCA-Fiche-dinscription-pre-ecole-et-PS-2025-2026-v1.0.pdf\" target=\"_blank\" rel=\"noreferrer noopener\">ICI<\/a><\/p>\n\n\n\n<div class=\"wp-block-stackable-divider stk-block-divider stk-block stk-4c920db\" data-block-id=\"4c920db\"><hr class=\"stk-block-divider__hr\"\/><\/div>\n\n\n\n<h5 class=\"wp-block-heading\">La M\u00e9thode<\/h5>\n\n\n\n<p>Les cours, avec 6 enfants au maximum, se d\u00e9roulent de fa\u00e7on ludique, en immersion :<\/p>\n\n\n\n<ul class=\"wp-block-list\">\n<li>Les enfants&nbsp;apprennent des comptines et les gestes associ\u00e9s, et habituent leur oreille et progressivement leur langue aux sons et au rythme (notamment les accents toniques) de la langue anglaise.<\/li>\n\n\n\n<li>Nos jeux de marionnettes \u00e9veillent l&#8217;enfant et l&#8217;invitent \u00e0 interagir<\/li>\n\n\n\n<li>L&#8217;enseignante raconte des histoires simples \u00e0 l&#8217;aide de livres imag\u00e9s<\/li>\n\n\n\n<li>Chaque activit\u00e9 est de courte dur\u00e9e (5 minutes)<\/li>\n<\/ul>\n\n\n\n<p>Nous invitons un parent \u00e0 accompagner son enfant \u00e0 tous les cours de l&#8217;ann\u00e9e.&nbsp;Les parents profitent aussi de l&#8217;environnement anglophone et sont encourag\u00e9s \u00e0 participer tr\u00e8s activement \u00e0 l&#8217;ensemble des activit\u00e9s. Ainsi, les b\u00e9b\u00e9s adh\u00e8rent pleinement \u00e0 la d\u00e9marche qui peut se poursuivre joyeusement \u00e0 la maison !<\/p>\n","protected":false},"excerpt":{"rendered":"<p>L&#8217;apprentissage de l&#8217;anglais peut commencer&nbsp;d\u00e8s le plus jeune \u00e2ge Les tous petits de z\u00e9ro \u00e0 3 ans sont les bienvenus pour&nbsp;s&#8217;\u00e9veiller \u00e0 la musicalit\u00e9 de la langue anglaise&nbsp;en chantant et en jouant.&nbsp;&nbsp; Votre inscription comprend Comment inscrire votre enfant La fiche d\u2019inscription est disponible&nbsp;ICI La M\u00e9thode Les cours, avec 6 enfants au maximum, se d\u00e9roulent [&hellip;]<\/p>\n","protected":false},"author":1,"featured_media":34,"parent":0,"menu_order":0,"comment_status":"closed","ping_status":"closed","template":"","meta":{"footnotes":""},"class_list":["post-74","page","type-page","status-publish","has-post-thumbnail","hentry"],"blocksy_meta":[],"_links":{"self":[{"href":"https:\/\/lecartableanglais.fr\/index.php\/wp-json\/wp\/v2\/pages\/74","targetHints":{"allow":["GET"]}}],"collection":[{"href":"https:\/\/lecartableanglais.fr\/index.php\/wp-json\/wp\/v2\/pages"}],"about":[{"href":"https:\/\/lecartableanglais.fr\/index.php\/wp-json\/wp\/v2\/types\/page"}],"author":[{"embeddable":true,"href":"https:\/\/lecartableanglais.fr\/index.php\/wp-json\/wp\/v2\/users\/1"}],"replies":[{"embeddable":true,"href":"https:\/\/lecartableanglais.fr\/index.php\/wp-json\/wp\/v2\/comments?post=74"}],"version-history":[{"count":6,"href":"https:\/\/lecartableanglais.fr\/index.php\/wp-json\/wp\/v2\/pages\/74\/revisions"}],"predecessor-version":[{"id":238,"href":"https:\/\/lecartableanglais.fr\/index.php\/wp-json\/wp\/v2\/pages\/74\/revisions\/238"}],"wp:featuredmedia":[{"embeddable":true,"href":"https:\/\/lecartableanglais.fr\/index.php\/wp-json\/wp\/v2\/media\/34"}],"wp:attachment":[{"href":"https:\/\/lecartableanglais.fr\/index.php\/wp-json\/wp\/v2\/media?parent=74"}],"curies":[{"name":"wp","href":"https:\/\/api.w.org\/{rel}","templated":true}]}}