{"id":73,"date":"2025-04-29T00:36:26","date_gmt":"2025-04-28T22:36:26","guid":{"rendered":"https:\/\/lecartableanglais.fr\/?page_id=73"},"modified":"2025-08-31T23:31:55","modified_gmt":"2025-08-31T21:31:55","slug":"inscriptions-aux-cours-hebdomadaires-2025-2026","status":"publish","type":"page","link":"https:\/\/lecartableanglais.fr\/index.php\/inscriptions-aux-cours-hebdomadaires-2025-2026\/","title":{"rendered":"Inscriptions aux cours hebdomadaires 2025-2026"},"content":{"rendered":"\n<h4 class=\"wp-block-heading has-text-align-center\"><span style=\"color: #a50000;\" class=\"stk-highlight\"><strong>Il reste peu de places aux cours hebdomadaires &#8211; <a href=\"https:\/\/lecartableanglais.fr\/index.php\/demande-dinformations\/\" data-type=\"page\" data-id=\"160\">contacter nous<\/a><\/strong><\/span><\/h4>\n\n\n\n<div class=\"wp-block-stackable-columns stk-block-columns stk-block stk-1a62429\" data-block-id=\"1a62429\"><div class=\"stk-row stk-inner-blocks stk-block-content stk-content-align stk-1a62429-column\">\n<div class=\"wp-block-stackable-column stk-block-column stk-column stk-block stk-2db98fb\" data-v=\"4\" data-block-id=\"2db98fb\"><div class=\"stk-column-wrapper stk-block-column__content stk-container stk-2db98fb-container stk--no-background stk--no-padding\"><div class=\"stk-block-content stk-inner-blocks stk-2db98fb-inner-blocks\">\n<figure class=\"wp-block-image aligncenter size-full is-resized\" style=\"margin-top:0;margin-bottom:0\"><a href=\"https:\/\/lecartableanglais.fr\/wp-content\/uploads\/2025\/04\/LCA-Fiche-dinscription-enfants-2025-2026-v1.0.pdf\" target=\"_blank\" rel=\" noreferrer noopener\"><img loading=\"lazy\" decoding=\"async\" width=\"96\" height=\"132\" src=\"https:\/\/lecartableanglais.fr\/wp-content\/uploads\/2025\/04\/fiche_inscription-enfants-hebdo.jpg\" alt=\"\" class=\"wp-image-18\" style=\"width:99px;height:auto\"\/><\/a><\/figure>\n<\/div><\/div><\/div>\n\n\n\n<div class=\"wp-block-stackable-column stk-block-column stk-column stk-block stk-3da23f4\" data-v=\"4\" data-block-id=\"3da23f4\"><div class=\"stk-column-wrapper stk-block-column__content stk-container stk-3da23f4-container stk--no-background stk--no-padding\"><div class=\"has-text-align-center stk-block-content stk-inner-blocks stk-3da23f4-inner-blocks\">\n<figure class=\"wp-block-image size-full\"><a href=\"https:\/\/eisforenglish.fr\/\" target=\"_blank\" rel=\" noreferrer noopener\"><img loading=\"lazy\" decoding=\"async\" width=\"132\" height=\"96\" src=\"https:\/\/lecartableanglais.fr\/wp-content\/uploads\/2025\/04\/thumbnail-horaires-meudon1.jpg\" alt=\"\" class=\"wp-image-24\"\/><\/a><\/figure>\n<\/div><\/div><\/div>\n\n\n\n<div class=\"wp-block-stackable-column stk-block-column stk-column stk-block stk-8c2f4e3\" data-v=\"4\" data-block-id=\"8c2f4e3\"><div class=\"stk-column-wrapper stk-block-column__content stk-container stk-8c2f4e3-container stk--no-background stk--no-padding\"><div class=\"has-text-align-center stk-block-content stk-inner-blocks stk-8c2f4e3-inner-blocks\">\n<figure class=\"wp-block-image size-full\"><a href=\"https:\/\/lecartableanglais.fr\/wp-content\/uploads\/2025\/07\/LCA-Horaires-hebdo-enfants-Versailles-2025-2026-v2.pdf\" target=\"_blank\" rel=\" noreferrer noopener\"><img loading=\"lazy\" decoding=\"async\" width=\"132\" height=\"96\" src=\"https:\/\/lecartableanglais.fr\/wp-content\/uploads\/2025\/04\/thumbnail-horaires-versailles1.jpg\" alt=\"\" class=\"wp-image-25\"\/><\/a><\/figure>\n<\/div><\/div><\/div>\n\n\n\n<div class=\"wp-block-stackable-column stk-block-column stk-column stk-block stk-c4abce0\" data-v=\"4\" data-block-id=\"c4abce0\"><div class=\"stk-column-wrapper stk-block-column__content stk-container stk-c4abce0-container stk--no-background stk--no-padding\"><div class=\"has-text-align-center stk-block-content stk-inner-blocks stk-c4abce0-inner-blocks\">\n<figure class=\"wp-block-image size-full\"><a href=\"https:\/\/lecartableanglais.fr\/wp-content\/uploads\/2025\/04\/LCA-Horaires-hebdo-enfants-a-distance-2025-2026-v1.pdf\" target=\"_blank\" rel=\" noreferrer noopener\"><img loading=\"lazy\" decoding=\"async\" width=\"132\" height=\"96\" src=\"https:\/\/lecartableanglais.fr\/wp-content\/uploads\/2025\/04\/thumbnail-horaires-a-distance1.jpg\" alt=\"\" class=\"wp-image-23\"\/><\/a><\/figure>\n<\/div><\/div><\/div>\n<\/div><\/div>\n\n\n\n<h5 class=\"wp-block-heading\"><strong>Nos cours collectifs sont propos\u00e9s en deux formats<\/strong>&nbsp;:<\/h5>\n\n\n\n<ul class=\"wp-block-list\">\n<li><strong>En pr\u00e9sentiel classique<\/strong>\u00a0dans notre centre \u00e0 Versailles, jusqu&#8217;au niveau A2. Le format pr\u00e9sentiel est remplac\u00e9 par le format \u00ab\u00a0\u00e0 distance\u00a0\u00bb quand les r\u00e8gles sanitaires de distanciation sociale l\u2019imposent. A partir de septembre 2025 les cours \u00e0 Meudon sont g\u00e9r\u00e9 par Clare que vous pouvez contacter <a href=\"https:\/\/eisforenglish.fr\/\">ici<\/a><\/li>\n\n\n\n<li><strong>\u00c0 distance<\/strong>&nbsp;via Zoom, \u00e0 partir de B2, en exploitant la version num\u00e9rique de nos m\u00e9thodes (y compris les supports vid\u00e9o et audio). L\u2019exp\u00e9rience pour les enfants est sensiblement la m\u00eame qu\u2019en pr\u00e9sentiel et particuli\u00e8rement adapt\u00e9e aux enfants ayant d\u00e9j\u00e0 des bases en anglais. Chaque enfant re\u00e7oit toujours un exemplaire physique du cahier d\u2019exercice adapt\u00e9 \u00e0 son niveau. Afin d&#8217;interagir effectivement avec l&#8217;enseignant et les autres \u00e9l\u00e8ves, votre enfant doit disposer d&#8217;une connexion internet stable. Il n&#8217;y a pas d&#8217;obligation d&#8217;investir dans un casque : le micro et les haut-parleurs du PC\/tablette\/smartphone suffisent.<\/li>\n<\/ul>\n\n\n\n<div class=\"wp-block-stackable-divider stk-block-divider has-text-align-center stk-block stk-5202b92\" data-block-id=\"5202b92\"><hr class=\"stk-block-divider__hr\"\/><\/div>\n\n\n\n<h5 class=\"wp-block-heading\"><strong>Choix de cr\u00e9neaux<\/strong><\/h5>\n\n\n\n<p>Les cours du Cartable Anglais se d\u00e9roulent pendant la p\u00e9riode scolaire de l\u2019\u00eele de France \u00e0 partir de mi-septembre.\u00a0Vous trouverez les plannings d\u00e9taill\u00e9s en cliquant sur les liens ci-dessus.<\/p>\n\n\n\n<p><br><strong>Si votre enfant n&#8217;est pas d\u00e9butant et n&#8217;est pas d\u00e9j\u00e0 inscrit<\/strong>&nbsp;au Cartable Anglais, il doit d&#8217;abord passer un test de niveau afin d&#8217;identifier les cours auxquels il pourrait s&#8217;inscrire. Nous proposons des tests :<\/p>\n\n\n\n<ul class=\"wp-block-list\">\n<li>sans rendez-vous lors de nos\u00a0<a href=\"https:\/\/lecartableanglais.fr\/index.php\/portes-ouvertes\/\" data-type=\"page\" data-id=\"215\">journ\u00e9es portes ouvertes<\/a>.<\/li>\n\n\n\n<li>sur rendez-vous \u00e0 distance via Zoom. Merci de nous <a href=\"https:\/\/lecartableanglais.fr\/index.php\/demande-dinformations\/\" data-type=\"page\" data-id=\"160\">contacter <\/a>pour prendre rendez-vous.&nbsp;<\/li>\n<\/ul>\n\n\n\n<p><\/p>\n\n\n\n<p><strong>Si vous enfant est d\u00e9j\u00e0 inscrit,<\/strong>&nbsp;sauf contre-indication de notre part il passe au niveau suivant, et vous pouvez le r\u00e9inscrire au cr\u00e9neau qui vous convient.&nbsp;<\/p>\n\n\n\n<div class=\"wp-block-stackable-divider stk-block-divider has-text-align-center stk-block stk-6a0e0b3\" data-block-id=\"6a0e0b3\"><hr class=\"stk-block-divider__hr\"\/><\/div>\n\n\n\n<h5 class=\"wp-block-heading\">B\u00e9b\u00e9s et petites sections<\/h5>\n\n\n\n<p>Pour plus d&#8217;information sur nos cours pour les tous petits (pr\u00e9-maternelle et petite section de maternelle) cliquer&nbsp;<strong><a href=\"https:\/\/lecartableanglais.fr\/index.php\/cours-hebdomadaires-pour-les-tous-petits-versailles-uniquement\/\" data-type=\"page\" data-id=\"74\">ICI<\/a><\/strong><\/p>\n\n\n\n\n\n<p><\/p>\n","protected":false},"excerpt":{"rendered":"<p>Il reste peu de places aux cours hebdomadaires &#8211; contacter nous Nos cours collectifs sont propos\u00e9s en deux formats&nbsp;: Choix de cr\u00e9neaux Les cours du Cartable Anglais se d\u00e9roulent pendant la p\u00e9riode scolaire de l\u2019\u00eele de France \u00e0 partir de mi-septembre.\u00a0Vous trouverez les plannings d\u00e9taill\u00e9s en cliquant sur les liens ci-dessus. Si votre enfant n&#8217;est [&hellip;]<\/p>\n","protected":false},"author":1,"featured_media":36,"parent":0,"menu_order":0,"comment_status":"closed","ping_status":"closed","template":"","meta":{"footnotes":""},"class_list":["post-73","page","type-page","status-publish","has-post-thumbnail","hentry"],"blocksy_meta":[],"_links":{"self":[{"href":"https:\/\/lecartableanglais.fr\/index.php\/wp-json\/wp\/v2\/pages\/73","targetHints":{"allow":["GET"]}}],"collection":[{"href":"https:\/\/lecartableanglais.fr\/index.php\/wp-json\/wp\/v2\/pages"}],"about":[{"href":"https:\/\/lecartableanglais.fr\/index.php\/wp-json\/wp\/v2\/types\/page"}],"author":[{"embeddable":true,"href":"https:\/\/lecartableanglais.fr\/index.php\/wp-json\/wp\/v2\/users\/1"}],"replies":[{"embeddable":true,"href":"https:\/\/lecartableanglais.fr\/index.php\/wp-json\/wp\/v2\/comments?post=73"}],"version-history":[{"count":15,"href":"https:\/\/lecartableanglais.fr\/index.php\/wp-json\/wp\/v2\/pages\/73\/revisions"}],"predecessor-version":[{"id":242,"href":"https:\/\/lecartableanglais.fr\/index.php\/wp-json\/wp\/v2\/pages\/73\/revisions\/242"}],"wp:featuredmedia":[{"embeddable":true,"href":"https:\/\/lecartableanglais.fr\/index.php\/wp-json\/wp\/v2\/media\/36"}],"wp:attachment":[{"href":"https:\/\/lecartableanglais.fr\/index.php\/wp-json\/wp\/v2\/media?parent=73"}],"curies":[{"name":"wp","href":"https:\/\/api.w.org\/{rel}","templated":true}]}}