{"id":67,"date":"2025-04-28T23:46:48","date_gmt":"2025-04-28T21:46:48","guid":{"rendered":"https:\/\/lecartableanglais.fr\/?page_id=67"},"modified":"2025-04-29T13:45:08","modified_gmt":"2025-04-29T11:45:08","slug":"cours-individuels","status":"publish","type":"page","link":"https:\/\/lecartableanglais.fr\/index.php\/cours-individuels\/","title":{"rendered":"Cours individuels"},"content":{"rendered":"\n<h5 class=\"wp-block-heading\">Des cours d\u2019anglais sur mesure pour tous les \u00e2ges, adapt\u00e9s aux besoins pr\u00e9cis de chacun.<\/h5>\n\n\n\n<p>Nos cours particuliers offrent la souplesse et le confort d\u2019un programme individuel avec un enseignant poss\u00e9dant une riche exp\u00e9rience de l\u2019entreprise et du milieu scolaire.<\/p>\n\n\n\n<ul class=\"wp-block-list\">\n<li>Soutien scolaire<\/li>\n\n\n\n<li>Support professionnel (revue et traduction de CV en anglais, pr\u00e9paration pour entretien d\u2019embauche, une expatriation, une pr\u00e9sentation cl\u00e9, \u2026)<\/li>\n\n\n\n<li>Pr\u00e9paration aux examens publics (Bac, IELTS, BULATS, TOEIC, \u2026) et aux concours (sections internationales \/ grandes \u00e9coles \/ \u00e9coles internationales, &#8230;)<\/li>\n\n\n\n<li>Remise \u00e0 niveau<\/li>\n\n\n\n<li>Entretien d&#8217;un niveau acquis<\/li>\n\n\n\n<li>Progression en compr\u00e9hension et en expression, tout en explorant les diff\u00e9rents registres et cultures de la langue anglaise, dans une optique pr\u00e9cise ou juste pour le plaisir d&#8217;apprendre<\/li>\n\n\n\n<li>Etude de la litt\u00e9rature \/ presse anglophone<\/li>\n<\/ul>\n\n\n\n<p><a href=\"https:\/\/lecartableanglais.fr\/index.php\/demande-dinformations\/\" data-type=\"page\" data-id=\"160\">Contacter nous<\/a> pour d\u00e9finir ensemble un programme adapt\u00e9 \u00e0 vos besoins<\/p>\n","protected":false},"excerpt":{"rendered":"<p>Des cours d\u2019anglais sur mesure pour tous les \u00e2ges, adapt\u00e9s aux besoins pr\u00e9cis de chacun. Nos cours particuliers offrent la souplesse et le confort d\u2019un programme individuel avec un enseignant poss\u00e9dant une riche exp\u00e9rience de l\u2019entreprise et du milieu scolaire. Contacter nous pour d\u00e9finir ensemble un programme adapt\u00e9 \u00e0 vos besoins<\/p>\n","protected":false},"author":1,"featured_media":39,"parent":0,"menu_order":0,"comment_status":"closed","ping_status":"closed","template":"","meta":{"footnotes":""},"class_list":["post-67","page","type-page","status-publish","has-post-thumbnail","hentry"],"blocksy_meta":[],"_links":{"self":[{"href":"https:\/\/lecartableanglais.fr\/index.php\/wp-json\/wp\/v2\/pages\/67","targetHints":{"allow":["GET"]}}],"collection":[{"href":"https:\/\/lecartableanglais.fr\/index.php\/wp-json\/wp\/v2\/pages"}],"about":[{"href":"https:\/\/lecartableanglais.fr\/index.php\/wp-json\/wp\/v2\/types\/page"}],"author":[{"embeddable":true,"href":"https:\/\/lecartableanglais.fr\/index.php\/wp-json\/wp\/v2\/users\/1"}],"replies":[{"embeddable":true,"href":"https:\/\/lecartableanglais.fr\/index.php\/wp-json\/wp\/v2\/comments?post=67"}],"version-history":[{"count":3,"href":"https:\/\/lecartableanglais.fr\/index.php\/wp-json\/wp\/v2\/pages\/67\/revisions"}],"predecessor-version":[{"id":195,"href":"https:\/\/lecartableanglais.fr\/index.php\/wp-json\/wp\/v2\/pages\/67\/revisions\/195"}],"wp:featuredmedia":[{"embeddable":true,"href":"https:\/\/lecartableanglais.fr\/index.php\/wp-json\/wp\/v2\/media\/39"}],"wp:attachment":[{"href":"https:\/\/lecartableanglais.fr\/index.php\/wp-json\/wp\/v2\/media?parent=67"}],"curies":[{"name":"wp","href":"https:\/\/api.w.org\/{rel}","templated":true}]}}