{"id":64,"date":"2025-04-28T23:33:13","date_gmt":"2025-04-28T21:33:13","guid":{"rendered":"https:\/\/lecartableanglais.fr\/?page_id=64"},"modified":"2025-04-29T15:42:05","modified_gmt":"2025-04-29T13:42:05","slug":"cours-collectifs-hebdomadaires","status":"publish","type":"page","link":"https:\/\/lecartableanglais.fr\/index.php\/cours-collectifs-hebdomadaires\/","title":{"rendered":"Cours collectifs hebdomadaires"},"content":{"rendered":"\n<h5 class=\"wp-block-heading\"><a href=\"https:\/\/lecartableanglais.fr\/index.php\/cours-hebdomadaires-pour-ecoliers\/\" data-type=\"page\" data-id=\"77\">Cours hebdomadaires pour \u00e9coliers<\/a><\/h5>\n\n\n\n<p>L&#8217;apprentissage de la langue anglaise devient un plaisir.<\/p>\n\n\n\n<p>La&nbsp;<strong>qualit\u00e9 de nos enseignants<\/strong>, et de la&nbsp;<strong>m\u00e9thode ludique<\/strong>&nbsp;utilis\u00e9e ainsi que le&nbsp;<strong>petit nombre d&#8217;\u00e9l\u00e8ves&nbsp;<\/strong>dans chaque groupe&nbsp;permet aux enfants de faire des&nbsp;<strong>progr\u00e8s rapides et durables<\/strong>.<\/p>\n\n\n\n<p>Les enfants prennent confiance pour s&#8217;exprimer en anglais.&nbsp;Ils acqui\u00e8rent une bonne prononciation, et notamment l&#8217;utilisation correcte des accents toniques.<\/p>\n\n\n\n<div class=\"wp-block-stackable-divider stk-block-divider stk-block stk-743865e\" data-block-id=\"743865e\"><hr class=\"stk-block-divider__hr\"\/><\/div>\n\n\n\n<h5 class=\"wp-block-heading\"><a href=\"https:\/\/lecartableanglais.fr\/index.php\/cours-hebdomadaires-collectifs-pour-collegiens-et-lyceens\/\" data-type=\"page\" data-id=\"80\">Cours hebdomadaires collectifs pour coll\u00e9giens et lyc\u00e9ens<\/a><\/h5>\n\n\n\n<p>Votre enfant est au coll\u00e8ge ou au lyc\u00e9e : le rythme d&#8217;apprentissage d&#8217;anglais \u00e0 l&#8217;\u00e9cole s&#8217;intensifie, il apprend&nbsp;<strong>beaucoup de vocabulaire<\/strong>,&nbsp;<strong>les bases grammaticales s&#8217;\u00e9claircissent<\/strong>&nbsp;et il est expos\u00e9 \u00e0 de plus en plus d&#8217;anglais oral, non seulement \u00e0 l&#8217;\u00e9cole mais aussi sur internet, au cin\u00e9ma et \u00e0 la t\u00e9l\u00e9vision.<\/p>\n\n\n\n<p>Mais il lui manque&nbsp;<strong>un espace de pratique plus intime<\/strong>, o\u00f9 il pourra mettre en \u0153uvre ses apprentissages,&nbsp;<strong>progresser<\/strong>&nbsp;en prononciation&nbsp;<strong>avec un &#8220;native speaker&#8221;,<\/strong>&nbsp;et sans s&#8217;exposer devant toute la classe.<\/p>\n\n\n\n<div class=\"wp-block-stackable-divider stk-block-divider stk-block stk-df7d602\" data-block-id=\"df7d602\"><hr class=\"stk-block-divider__hr\"\/><\/div>\n\n\n\n<h5 class=\"wp-block-heading\"><a href=\"https:\/\/lecartableanglais.fr\/index.php\/cours-hebdomadaires-pour-les-tous-petits-versailles-uniquement\/\" data-type=\"page\" data-id=\"74\">Cours hebdomadaires pour les tous petits<\/a><\/h5>\n\n\n\n<p>L&#8217;apprentissage de l&#8217;anglais peut commencer&nbsp;<strong>d\u00e8s le plus jeune \u00e2ge<\/strong>&nbsp;! Les tous petits de z\u00e9ro \u00e0 3 ans sont les bienvenus pour&nbsp;<strong>s&#8217;\u00e9veiller \u00e0 la musicalit\u00e9 de la langue anglaise<\/strong>&nbsp;en chantant et en jouant.&nbsp;<\/p>\n","protected":false},"excerpt":{"rendered":"<p>Cours hebdomadaires pour \u00e9coliers L&#8217;apprentissage de la langue anglaise devient un plaisir. La&nbsp;qualit\u00e9 de nos enseignants, et de la&nbsp;m\u00e9thode ludique&nbsp;utilis\u00e9e ainsi que le&nbsp;petit nombre d&#8217;\u00e9l\u00e8ves&nbsp;dans chaque groupe&nbsp;permet aux enfants de faire des&nbsp;progr\u00e8s rapides et durables. Les enfants prennent confiance pour s&#8217;exprimer en anglais.&nbsp;Ils acqui\u00e8rent une bonne prononciation, et notamment l&#8217;utilisation correcte des accents toniques. Cours [&hellip;]<\/p>\n","protected":false},"author":1,"featured_media":34,"parent":0,"menu_order":0,"comment_status":"closed","ping_status":"closed","template":"","meta":{"footnotes":""},"class_list":["post-64","page","type-page","status-publish","has-post-thumbnail","hentry"],"blocksy_meta":[],"_links":{"self":[{"href":"https:\/\/lecartableanglais.fr\/index.php\/wp-json\/wp\/v2\/pages\/64","targetHints":{"allow":["GET"]}}],"collection":[{"href":"https:\/\/lecartableanglais.fr\/index.php\/wp-json\/wp\/v2\/pages"}],"about":[{"href":"https:\/\/lecartableanglais.fr\/index.php\/wp-json\/wp\/v2\/types\/page"}],"author":[{"embeddable":true,"href":"https:\/\/lecartableanglais.fr\/index.php\/wp-json\/wp\/v2\/users\/1"}],"replies":[{"embeddable":true,"href":"https:\/\/lecartableanglais.fr\/index.php\/wp-json\/wp\/v2\/comments?post=64"}],"version-history":[{"count":5,"href":"https:\/\/lecartableanglais.fr\/index.php\/wp-json\/wp\/v2\/pages\/64\/revisions"}],"predecessor-version":[{"id":208,"href":"https:\/\/lecartableanglais.fr\/index.php\/wp-json\/wp\/v2\/pages\/64\/revisions\/208"}],"wp:featuredmedia":[{"embeddable":true,"href":"https:\/\/lecartableanglais.fr\/index.php\/wp-json\/wp\/v2\/media\/34"}],"wp:attachment":[{"href":"https:\/\/lecartableanglais.fr\/index.php\/wp-json\/wp\/v2\/media?parent=64"}],"curies":[{"name":"wp","href":"https:\/\/api.w.org\/{rel}","templated":true}]}}