{"id":257,"date":"2026-05-04T16:07:33","date_gmt":"2026-05-04T14:07:33","guid":{"rendered":"https:\/\/lecartableanglais.fr\/?page_id=257"},"modified":"2026-05-04T16:57:36","modified_gmt":"2026-05-04T14:57:36","slug":"disponibilites","status":"publish","type":"page","link":"https:\/\/lecartableanglais.fr\/index.php\/disponibilites\/","title":{"rendered":"Disponibilit\u00e9s"},"content":{"rendered":"\n<p>Le nombre de places disponibles est actualis\u00e9 ci-dessous chaque jour. Veuillez consulter ces tableaux avant d&#8217;envoyer votre demande de r\u00e9servation par <a href=\"https:\/\/lecartableanglais.fr\/index.php\/pre-enregistrement-aux-cours-2025-2026\/\" data-type=\"page\" data-id=\"116\">ce formulaire<\/a>. Nous vous r\u00e9pondrons le lendemain pour confirmer vos places.<\/p>\n\n\n\n<p>Apr\u00e8s confirmation de notre part, vous disposerez d&#8217;une semaine pour effectuer un virement d&#8217;au moins un tier du montant d\u00fb afin de maintenir votre r\u00e9servation. <\/p>\n\n\n\n<details class=\"wp-block-details\"><summary><strong><span style=\"color: #cc0000;\" class=\"stk-highlight is-layout-flow wp-block-details-is-layout-flow\">B\u00e9b\u00e9s (0-2 ans, accompagn\u00e9 d&#8217;un parent)<\/span><\/strong><\/summary>\n<figure class=\"wp-block-table is-style-stripes\"><table class=\"has-fixed-layout\"><tbody><tr><td class=\"has-text-align-center\" data-align=\"center\"><strong>Horaires<\/strong><\/td><td class=\"has-text-align-center\" data-align=\"center\"><strong>Notes<\/strong><\/td><td class=\"has-text-align-center\" data-align=\"center\"><strong>Places restantes<\/strong><\/td><\/tr><tr><td class=\"has-text-align-center\" data-align=\"center\">samedi 9h-9h-30<\/td><td class=\"has-text-align-center\" data-align=\"center\">inscription ici<\/td><td class=\"has-text-align-center\" data-align=\"center\">6<\/td><\/tr><\/tbody><\/table><\/figure>\n<\/details>\n\n\n\n<details class=\"wp-block-details\"><summary><span style=\"color: #cc0000;\" class=\"stk-highlight is-layout-flow wp-block-details-is-layout-flow\"><span style=\"color: #cc0000;\" class=\"stk-highlight\"><strong>Petite Section (3 ans<span style=\"color: #cc0000;\" class=\"stk-highlight\">, accompagn\u00e9 d&#8217;un parent<\/span>)<\/strong><\/span><\/span><\/summary>\n<figure class=\"wp-block-table is-style-stripes\"><table class=\"has-fixed-layout\"><tbody><tr><td class=\"has-text-align-center\" data-align=\"center\"><strong><strong><strong>Horaires<\/strong><\/strong><\/strong><\/td><td class=\"has-text-align-center\" data-align=\"center\"><strong>Notes<\/strong><\/td><td class=\"has-text-align-center\" data-align=\"center\"><strong>Places restantes<\/strong><\/td><\/tr><tr><td class=\"has-text-align-center\" data-align=\"center\">samedi 9h35-10h05<\/td><td class=\"has-text-align-center\" data-align=\"center\"><\/td><td class=\"has-text-align-center\" data-align=\"center\">6<\/td><\/tr><\/tbody><\/table><\/figure>\n<\/details>\n\n\n\n<details class=\"wp-block-details\"><summary><strong><span style=\"color: #cc0000;\" class=\"stk-highlight is-layout-flow wp-block-details-is-layout-flow\">Moyenne Section (jeux et yoga en anglais) <\/span><\/strong><\/summary>\n<figure class=\"wp-block-table is-style-stripes\"><table class=\"has-fixed-layout\"><tbody><tr><td class=\"has-text-align-center\" data-align=\"center\"><strong><strong><strong>Horaires<\/strong><\/strong><\/strong><\/td><td class=\"has-text-align-center\" data-align=\"center\"><strong>Notes<\/strong><\/td><td class=\"has-text-align-center\" data-align=\"center\"><strong>Places restantes<\/strong><\/td><\/tr><tr><td class=\"has-text-align-center\" data-align=\"center\">dimanche 10h-11h<\/td><td class=\"has-text-align-center\" data-align=\"center\">inscription aupr\u00e8s de Clare <a href=\"mailto:Eisforenglish@outlook.com\">Eisforenglish@outlook.com<\/a><\/td><td class=\"has-text-align-center\" data-align=\"center\">6<\/td><\/tr><\/tbody><\/table><\/figure>\n<\/details>\n\n\n\n<details class=\"wp-block-details\"><summary><span style=\"color: #cc0000;\" class=\"stk-highlight is-layout-flow wp-block-details-is-layout-flow\"><strong>Grande Section (jeux et yoga en anglais)<\/strong><\/span><\/summary>\n<figure class=\"wp-block-table is-style-stripes\"><table class=\"has-fixed-layout\"><tbody><tr><td class=\"has-text-align-center\" data-align=\"center\"><strong><strong><strong>Horaires<\/strong><\/strong><\/strong><\/td><td class=\"has-text-align-center\" data-align=\"center\"><strong>Notes<\/strong><\/td><td class=\"has-text-align-center\" data-align=\"center\"><strong>Places restantes<\/strong><\/td><\/tr><tr><td class=\"has-text-align-center\" data-align=\"center\">dimanche 12h15-13h15<\/td><td class=\"has-text-align-center\" data-align=\"center\">inscription aupr\u00e8s de Clare <a href=\"mailto:Eisforenglish@outlook.com\">Eisforenglish@outlook.com<\/a><\/td><td class=\"has-text-align-center\" data-align=\"center\">6<\/td><\/tr><\/tbody><\/table><\/figure>\n<\/details>\n\n\n\n<details class=\"wp-block-details\"><summary><span style=\"color: #cc0000;\" class=\"stk-highlight is-layout-flow wp-block-details-is-layout-flow\"><strong>Cours Pr\u00e9paratoire (CP)<\/strong><\/span><\/summary>\n<figure class=\"wp-block-table is-style-stripes\"><table class=\"has-fixed-layout\"><tbody><tr><td class=\"has-text-align-center\" data-align=\"center\"><strong><strong><strong>Horaires<\/strong><\/strong><\/strong><\/td><td class=\"has-text-align-center\" data-align=\"center\"><strong>Notes<\/strong><\/td><td class=\"has-text-align-center\" data-align=\"center\"><strong>Places restantes<\/strong><\/td><\/tr><tr><td class=\"has-text-align-center\" data-align=\"center\">mardi 17h-18h<\/td><td class=\"has-text-align-center\" data-align=\"center\"><\/td><td class=\"has-text-align-center\" data-align=\"center\">8<\/td><\/tr><tr><td class=\"has-text-align-center\" data-align=\"center\">mercredi 13h-14h<\/td><td class=\"has-text-align-center\" data-align=\"center\"><\/td><td class=\"has-text-align-center\" data-align=\"center\">8<\/td><\/tr><\/tbody><\/table><\/figure>\n<\/details>\n\n\n\n<details class=\"wp-block-details\"><summary><strong><span style=\"color: #cc0000;\" class=\"stk-highlight is-layout-flow wp-block-details-is-layout-flow\">Kid&#8217;s Box 1<\/span><\/strong><\/summary>\n<figure class=\"wp-block-table is-style-stripes\"><table class=\"has-fixed-layout\"><tbody><tr><td class=\"has-text-align-center\" data-align=\"center\"><strong><strong><strong>Horaires<\/strong><\/strong><\/strong><\/td><td class=\"has-text-align-center\" data-align=\"center\"><strong>Notes<\/strong><\/td><td class=\"has-text-align-center\" data-align=\"center\"><strong>Places restantes<\/strong><\/td><\/tr><tr><td class=\"has-text-align-center\" data-align=\"center\">mercredi 14h05-15h05<\/td><td class=\"has-text-align-center\" data-align=\"center\"><\/td><td class=\"has-text-align-center\" data-align=\"center\">8<\/td><\/tr><tr><td class=\"has-text-align-center\" data-align=\"center\">samedi 13h25-14h25<\/td><td class=\"has-text-align-center\" data-align=\"center\"><\/td><td class=\"has-text-align-center\" data-align=\"center\">8<\/td><\/tr><\/tbody><\/table><\/figure>\n<\/details>\n\n\n\n<details class=\"wp-block-details\"><summary><strong><span style=\"color: #cc0000;\" class=\"stk-highlight is-layout-flow wp-block-details-is-layout-flow\">Kid&#8217;s Box 1 et Kid&#8217;s Box 2 (cours acc\u00e9l\u00e9r\u00e9)<\/span><\/strong><\/summary>\n<figure class=\"wp-block-table is-style-stripes\"><table class=\"has-fixed-layout\"><tbody><tr><td class=\"has-text-align-center\" data-align=\"center\"><strong><strong><strong>Horaires<\/strong><\/strong><\/strong><\/td><td class=\"has-text-align-center\" data-align=\"center\"><strong>Notes<\/strong><\/td><td class=\"has-text-align-center\" data-align=\"center\"><strong>Places restantes<\/strong><\/td><\/tr><tr><td class=\"has-text-align-center\" data-align=\"center\">samedi 10h15-12h45<\/td><td class=\"has-text-align-center\" data-align=\"center\"><\/td><td class=\"has-text-align-center\" data-align=\"center\">8<\/td><\/tr><\/tbody><\/table><\/figure>\n<\/details>\n\n\n\n<details class=\"wp-block-details\"><summary><strong><span style=\"color: #cc0000;\" class=\"stk-highlight is-layout-flow wp-block-details-is-layout-flow\">Kid&#8217;s Box 2<\/span><\/strong><\/summary>\n<figure class=\"wp-block-table is-style-stripes\"><table class=\"has-fixed-layout\"><tbody><tr><td class=\"has-text-align-center\" data-align=\"center\"><strong><strong><strong><strong>Horaires<\/strong><\/strong><\/strong><\/strong><\/td><td class=\"has-text-align-center\" data-align=\"center\"><strong>Notes<\/strong><\/td><td class=\"has-text-align-center\" data-align=\"center\"><strong>Places restantes<\/strong><\/td><\/tr><tr><td class=\"has-text-align-center\" data-align=\"center\">mercredi 15h10<\/td><td class=\"has-text-align-center\" data-align=\"center\"><\/td><td class=\"has-text-align-center\" data-align=\"center\">8<\/td><\/tr><tr><td class=\"has-text-align-center\" data-align=\"center\">vendredi 17h<\/td><td class=\"has-text-align-center\" data-align=\"center\"><\/td><td class=\"has-text-align-center\" data-align=\"center\">8<\/td><\/tr><tr><td class=\"has-text-align-center\" data-align=\"center\">samedi 14h30<\/td><td class=\"has-text-align-center\" data-align=\"center\"><\/td><td class=\"has-text-align-center\" data-align=\"center\">8<\/td><\/tr><\/tbody><\/table><\/figure>\n<\/details>\n\n\n\n<details class=\"wp-block-details\"><summary><strong><span style=\"color: #cc0000;\" class=\"stk-highlight is-layout-flow wp-block-details-is-layout-flow\">Kid&#8217;s Box 2 et Kid&#8217;s Box 3 (cours acc\u00e9l\u00e9r\u00e9)<\/span><\/strong><\/summary>\n<figure class=\"wp-block-table is-style-stripes\"><table class=\"has-fixed-layout\"><tbody><tr><td class=\"has-text-align-center\" data-align=\"center\"><strong><strong><strong>Horaires<\/strong><\/strong><\/strong><\/td><td class=\"has-text-align-center\" data-align=\"center\"><strong>Notes<\/strong><\/td><td class=\"has-text-align-center\" data-align=\"center\"><strong>Places restantes<\/strong><\/td><\/tr><tr><td class=\"has-text-align-center\" data-align=\"center\">mercredi 9h30-12h<\/td><td class=\"has-text-align-center\" data-align=\"center\"><\/td><td class=\"has-text-align-center\" data-align=\"center\">8<\/td><\/tr><\/tbody><\/table><\/figure>\n<\/details>\n\n\n\n<details class=\"wp-block-details\"><summary><strong><span style=\"color: #cc0000;\" class=\"stk-highlight is-layout-flow wp-block-details-is-layout-flow\">Kid&#8217;s Box 3<\/span><\/strong><\/summary>\n<figure class=\"wp-block-table is-style-stripes\"><table class=\"has-fixed-layout\"><tbody><tr><td class=\"has-text-align-center\" data-align=\"center\"><strong><strong><strong>Horaires<\/strong><\/strong><\/strong><\/td><td class=\"has-text-align-center\" data-align=\"center\"><strong>Notes<\/strong><\/td><td class=\"has-text-align-center\" data-align=\"center\"><strong>Places restantes<\/strong><\/td><\/tr><tr><td class=\"has-text-align-center\" data-align=\"center\">mardi 18h05-19h05<\/td><td class=\"has-text-align-center\" data-align=\"center\"><\/td><td class=\"has-text-align-center\" data-align=\"center\">8<\/td><\/tr><tr><td class=\"has-text-align-center\" data-align=\"center\">mercredi 16h25-17h25<\/td><td class=\"has-text-align-center\" data-align=\"center\"><\/td><td class=\"has-text-align-center\" data-align=\"center\">8<\/td><\/tr><tr><td class=\"has-text-align-center\" data-align=\"center\">samedi 15h45-16h45<\/td><td class=\"has-text-align-center\" data-align=\"center\"><\/td><td class=\"has-text-align-center\" data-align=\"center\">8<\/td><\/tr><\/tbody><\/table><\/figure>\n<\/details>\n\n\n\n<details class=\"wp-block-details\"><summary><strong><span style=\"color: #cc0000;\" class=\"stk-highlight is-layout-flow wp-block-details-is-layout-flow\">Kid&#8217;s Box 4<\/span><\/strong><\/summary>\n<figure class=\"wp-block-table is-style-stripes\"><table class=\"has-fixed-layout\"><tbody><tr><td class=\"has-text-align-center\" data-align=\"center\"><strong><strong><strong>Horaires<\/strong><\/strong><\/strong><\/td><td class=\"has-text-align-center\" data-align=\"center\"><strong>Notes<\/strong><\/td><td class=\"has-text-align-center\" data-align=\"center\"><strong>Places restantes<\/strong><\/td><\/tr><tr><td class=\"has-text-align-center\" data-align=\"center\">mercredi 17h30-18h30<\/td><td class=\"has-text-align-center\" data-align=\"center\"><\/td><td class=\"has-text-align-center\" data-align=\"center\">8<\/td><\/tr><tr><td class=\"has-text-align-center\" data-align=\"center\">vendredi 18h05-19h05<\/td><td class=\"has-text-align-center\" data-align=\"center\"><\/td><td class=\"has-text-align-center\" data-align=\"center\">8<\/td><\/tr><\/tbody><\/table><\/figure>\n<\/details>\n\n\n\n<details class=\"wp-block-details\"><summary><strong><span style=\"color: #cc0000;\" class=\"stk-highlight is-layout-flow wp-block-details-is-layout-flow\">Kid&#8217;s Box 5<\/span><\/strong><\/summary>\n<figure class=\"wp-block-table is-style-stripes\"><table class=\"has-fixed-layout\"><tbody><tr><td class=\"has-text-align-center\" data-align=\"center\"><strong><strong><strong>Horaires<\/strong><\/strong><\/strong><\/td><td class=\"has-text-align-center\" data-align=\"center\"><strong>Notes<\/strong><\/td><td class=\"has-text-align-center\" data-align=\"center\"><strong>Places restantes<\/strong><\/td><\/tr><tr><td class=\"has-text-align-center\" data-align=\"center\">jeudi 17h-18h<\/td><td class=\"has-text-align-center\" data-align=\"center\"><\/td><td class=\"has-text-align-center\" data-align=\"center\">8<\/td><\/tr><tr><td class=\"has-text-align-center\" data-align=\"center\">samedi 16h50-17h50<\/td><td class=\"has-text-align-center\" data-align=\"center\"><\/td><td class=\"has-text-align-center\" data-align=\"center\">8<\/td><\/tr><\/tbody><\/table><\/figure>\n<\/details>\n\n\n\n<details class=\"wp-block-details\"><summary><strong><span style=\"color: #cc0000;\" class=\"stk-highlight is-layout-flow wp-block-details-is-layout-flow\">Kid&#8217;s Box 6<\/span><\/strong><\/summary>\n<figure class=\"wp-block-table is-style-stripes\"><table class=\"has-fixed-layout\"><tbody><tr><td class=\"has-text-align-center\" data-align=\"center\"><strong><strong><strong>Horaires<\/strong><\/strong><\/strong><\/td><td class=\"has-text-align-center\" data-align=\"center\"><strong>Notes<\/strong><\/td><td class=\"has-text-align-center\" data-align=\"center\"><strong>Places restantes<\/strong><\/td><\/tr><tr><td class=\"has-text-align-center\" data-align=\"center\">jeudi 18h05-19h05<\/td><td class=\"has-text-align-center\" data-align=\"center\"><\/td><td class=\"has-text-align-center\" data-align=\"center\">8<\/td><\/tr><\/tbody><\/table><\/figure>\n<\/details>\n\n\n\n<details class=\"wp-block-details\"><summary><strong><span style=\"color: #cc0000;\" class=\"stk-highlight is-layout-flow wp-block-details-is-layout-flow\">Think 2 (en ligne)<\/span><\/strong><\/summary>\n<figure class=\"wp-block-table is-style-stripes\"><table class=\"has-fixed-layout\"><tbody><tr><td class=\"has-text-align-center\" data-align=\"center\"><strong><strong><strong>Horaires<\/strong><\/strong><\/strong><\/td><td class=\"has-text-align-center\" data-align=\"center\"><strong>Notes<\/strong><\/td><td class=\"has-text-align-center\" data-align=\"center\"><strong>Places restantes<\/strong><\/td><\/tr><tr><td class=\"has-text-align-center\" data-align=\"center\">mercredi 13h-14h<\/td><td class=\"has-text-align-center\" data-align=\"center\"><\/td><td class=\"has-text-align-center\" data-align=\"center\">6<\/td><\/tr><\/tbody><\/table><\/figure>\n<\/details>\n\n\n\n<details class=\"wp-block-details\"><summary><strong><span style=\"color: #cc0000;\" class=\"stk-highlight is-layout-flow wp-block-details-is-layout-flow\">Think 3 (en ligne)<\/span><\/strong><\/summary>\n<figure class=\"wp-block-table is-style-stripes\"><table class=\"has-fixed-layout\"><tbody><tr><td class=\"has-text-align-center\" data-align=\"center\"><strong><strong><strong>Horaires<\/strong><\/strong><\/strong><\/td><td class=\"has-text-align-center\" data-align=\"center\"><strong>Notes<\/strong><\/td><td class=\"has-text-align-center\" data-align=\"center\"><strong>Places restantes<\/strong><\/td><\/tr><tr><td class=\"has-text-align-center\" data-align=\"center\">mercredi 14h10-15h10<\/td><td class=\"has-text-align-center\" data-align=\"center\"><\/td><td class=\"has-text-align-center\" data-align=\"center\">6<\/td><\/tr><\/tbody><\/table><\/figure>\n<\/details>\n\n\n\n<details class=\"wp-block-details\"><summary><strong><span style=\"color: #cc0000;\" class=\"stk-highlight is-layout-flow wp-block-details-is-layout-flow\">Think 4 (en ligne)<\/span><\/strong><\/summary>\n<figure class=\"wp-block-table is-style-stripes\"><table class=\"has-fixed-layout\"><tbody><tr><td class=\"has-text-align-center\" data-align=\"center\"><strong><strong><strong>Horaires<\/strong><\/strong><\/strong><\/td><td class=\"has-text-align-center\" data-align=\"center\"><strong>Notes<\/strong><\/td><td class=\"has-text-align-center\" data-align=\"center\"><strong>Places restantes<\/strong><\/td><\/tr><tr><td class=\"has-text-align-center\" data-align=\"center\">mercredi 15h40-16h40<\/td><td class=\"has-text-align-center\" data-align=\"center\"><\/td><td class=\"has-text-align-center\" data-align=\"center\">6<\/td><\/tr><\/tbody><\/table><\/figure>\n<\/details>\n\n\n\n<details class=\"wp-block-details\"><summary><strong><span style=\"color: #cc0000;\" class=\"stk-highlight is-layout-flow wp-block-details-is-layout-flow\">Think 5 (en ligne)<\/span><\/strong><\/summary>\n<figure class=\"wp-block-table is-style-stripes\"><table class=\"has-fixed-layout\"><tbody><tr><td class=\"has-text-align-center\" data-align=\"center\"><strong><strong><strong>Horaires<\/strong><\/strong><\/strong><\/td><td class=\"has-text-align-center\" data-align=\"center\"><strong>Notes<\/strong><\/td><td class=\"has-text-align-center\" data-align=\"center\"><strong>Places restantes<\/strong><\/td><\/tr><tr><td class=\"has-text-align-center\" data-align=\"center\">mercredi 16h50-17h50<\/td><td class=\"has-text-align-center\" data-align=\"center\"><\/td><td class=\"has-text-align-center\" data-align=\"center\">6<\/td><\/tr><\/tbody><\/table><\/figure>\n<\/details>\n\n\n\n<details class=\"wp-block-details\"><summary><strong><span style=\"color: #cc0000;\" class=\"stk-highlight is-layout-flow wp-block-details-is-layout-flow\">Advanced (en ligne)<\/span><\/strong><\/summary>\n<figure class=\"wp-block-table is-style-stripes\"><table class=\"has-fixed-layout\"><tbody><tr><td class=\"has-text-align-center\" data-align=\"center\"><strong><strong><strong>Horaires<\/strong><\/strong><\/strong><\/td><td class=\"has-text-align-center\" data-align=\"center\"><strong>Notes<\/strong><\/td><td class=\"has-text-align-center\" data-align=\"center\"><strong>Places restantes<\/strong><\/td><\/tr><tr><td class=\"has-text-align-center\" data-align=\"center\">mercredi 18h-19h<\/td><td class=\"has-text-align-center\" data-align=\"center\"><\/td><td class=\"has-text-align-center\" data-align=\"center\">6<\/td><\/tr><\/tbody><\/table><\/figure>\n<\/details>\n\n\n\n<p><\/p>\n","protected":false},"excerpt":{"rendered":"<p>Le nombre de places disponibles est actualis\u00e9 ci-dessous chaque jour. Veuillez consulter ces tableaux avant d&#8217;envoyer votre demande de r\u00e9servation par ce formulaire. Nous vous r\u00e9pondrons le lendemain pour confirmer vos places. Apr\u00e8s confirmation de notre part, vous disposerez d&#8217;une semaine pour effectuer un virement d&#8217;au moins un tier du montant d\u00fb afin de maintenir [&hellip;]<\/p>\n","protected":false},"author":1,"featured_media":0,"parent":0,"menu_order":0,"comment_status":"closed","ping_status":"closed","template":"","meta":{"footnotes":""},"class_list":["post-257","page","type-page","status-publish","hentry"],"blocksy_meta":[],"_links":{"self":[{"href":"https:\/\/lecartableanglais.fr\/index.php\/wp-json\/wp\/v2\/pages\/257","targetHints":{"allow":["GET"]}}],"collection":[{"href":"https:\/\/lecartableanglais.fr\/index.php\/wp-json\/wp\/v2\/pages"}],"about":[{"href":"https:\/\/lecartableanglais.fr\/index.php\/wp-json\/wp\/v2\/types\/page"}],"author":[{"embeddable":true,"href":"https:\/\/lecartableanglais.fr\/index.php\/wp-json\/wp\/v2\/users\/1"}],"replies":[{"embeddable":true,"href":"https:\/\/lecartableanglais.fr\/index.php\/wp-json\/wp\/v2\/comments?post=257"}],"version-history":[{"count":9,"href":"https:\/\/lecartableanglais.fr\/index.php\/wp-json\/wp\/v2\/pages\/257\/revisions"}],"predecessor-version":[{"id":272,"href":"https:\/\/lecartableanglais.fr\/index.php\/wp-json\/wp\/v2\/pages\/257\/revisions\/272"}],"wp:attachment":[{"href":"https:\/\/lecartableanglais.fr\/index.php\/wp-json\/wp\/v2\/media?parent=257"}],"curies":[{"name":"wp","href":"https:\/\/api.w.org\/{rel}","templated":true}]}}