{"id":2,"date":"2025-04-28T21:34:29","date_gmt":"2025-04-28T19:34:29","guid":{"rendered":"http:\/\/lecartableanglais.fr\/?page_id=2"},"modified":"2025-04-29T14:44:52","modified_gmt":"2025-04-29T12:44:52","slug":"page-d-exemple","status":"publish","type":"page","link":"https:\/\/lecartableanglais.fr\/","title":{"rendered":"Un apprentissage efficace de la langue anglaise"},"content":{"rendered":"\n<div class=\"wp-block-stackable-divider stk-block-divider stk-block stk-8dc70f3\" data-block-id=\"8dc70f3\"><hr class=\"stk-block-divider__hr\"\/><\/div>\n\n\n\n<ul class=\"wp-block-list\">\n<li>en <strong>petits groupes<\/strong> de 6 \u00e0 8 participants et en <strong>cours individuels<\/strong><\/li>\n\n\n\n<li>anim\u00e9s par des <strong>enseignants de langue maternelle anglaise<\/strong><\/li>\n\n\n\n<li>une <strong>m\u00e9thode structur\u00e9e et ludique<\/strong><\/li>\n<\/ul>\n\n\n\n<h5 class=\"wp-block-heading\">Une d\u00e9marche p\u00e9dagogique constructive \u00e0 l&#8217;anglosaxonne<\/h5>\n","protected":false},"excerpt":{"rendered":"<p>Une d\u00e9marche p\u00e9dagogique constructive \u00e0 l&#8217;anglosaxonne<\/p>\n","protected":false},"author":1,"featured_media":30,"parent":0,"menu_order":0,"comment_status":"closed","ping_status":"open","template":"","meta":{"footnotes":""},"class_list":["post-2","page","type-page","status-publish","has-post-thumbnail","hentry"],"blocksy_meta":[],"_links":{"self":[{"href":"https:\/\/lecartableanglais.fr\/index.php\/wp-json\/wp\/v2\/pages\/2","targetHints":{"allow":["GET"]}}],"collection":[{"href":"https:\/\/lecartableanglais.fr\/index.php\/wp-json\/wp\/v2\/pages"}],"about":[{"href":"https:\/\/lecartableanglais.fr\/index.php\/wp-json\/wp\/v2\/types\/page"}],"author":[{"embeddable":true,"href":"https:\/\/lecartableanglais.fr\/index.php\/wp-json\/wp\/v2\/users\/1"}],"replies":[{"embeddable":true,"href":"https:\/\/lecartableanglais.fr\/index.php\/wp-json\/wp\/v2\/comments?post=2"}],"version-history":[{"count":6,"href":"https:\/\/lecartableanglais.fr\/index.php\/wp-json\/wp\/v2\/pages\/2\/revisions"}],"predecessor-version":[{"id":219,"href":"https:\/\/lecartableanglais.fr\/index.php\/wp-json\/wp\/v2\/pages\/2\/revisions\/219"}],"wp:featuredmedia":[{"embeddable":true,"href":"https:\/\/lecartableanglais.fr\/index.php\/wp-json\/wp\/v2\/media\/30"}],"wp:attachment":[{"href":"https:\/\/lecartableanglais.fr\/index.php\/wp-json\/wp\/v2\/media?parent=2"}],"curies":[{"name":"wp","href":"https:\/\/api.w.org\/{rel}","templated":true}]}}