{"id":160,"date":"2025-04-29T04:23:17","date_gmt":"2025-04-29T02:23:17","guid":{"rendered":"https:\/\/lecartableanglais.fr\/?page_id=160"},"modified":"2025-04-29T04:23:17","modified_gmt":"2025-04-29T02:23:17","slug":"demande-dinformations","status":"publish","type":"page","link":"https:\/\/lecartableanglais.fr\/index.php\/demande-dinformations\/","title":{"rendered":"Demande d&#8217;informations"},"content":{"rendered":"<div class=\"wpforms-container wpforms-container-full wpforms-block wpforms-block-cbf05a38-34df-42a3-b3a2-5add70d47a53 wpforms-render-modern\" id=\"wpforms-155\"><form id=\"wpforms-form-155\" class=\"wpforms-validate wpforms-form wpforms-ajax-form\" data-formid=\"155\" method=\"post\" enctype=\"multipart\/form-data\" action=\"\/index.php\/wp-json\/wp\/v2\/pages\/160\" data-token=\"dc7357d1a0b84a1429c5cb3497ffb043\" data-token-time=\"1776868699\"><noscript class=\"wpforms-error-noscript\">Please enable JavaScript in your browser to complete this form.<\/noscript><div id=\"wpforms-error-noscript\" style=\"display: none;\">Please enable JavaScript in your browser to complete this form.<\/div><div class=\"wpforms-field-container\"><div id=\"wpforms-155-field_23-container\" class=\"wpforms-field wpforms-field-textarea\" data-field-id=\"23\"><label class=\"wpforms-field-label\" for=\"wpforms-155-field_23\">Message <span class=\"wpforms-required-label\" aria-hidden=\"true\">*<\/span><\/label><textarea id=\"wpforms-155-field_23\" class=\"wpforms-field-medium wpforms-field-required\" name=\"wpforms[fields][23]\" aria-errormessage=\"wpforms-155-field_23-error\" aria-describedby=\"wpforms-155-field_23-description\" required><\/textarea><div id=\"wpforms-155-field_23-description\" class=\"wpforms-field-description\">N&#8217;h\u00e9sitez pas \u00e0 renseigner les informations ci-dessous pour compl\u00e9ter votre demande.<\/div><\/div><div id=\"wpforms-155-field_0-container\" class=\"wpforms-field wpforms-field-name\" data-field-id=\"0\"><label class=\"wpforms-field-label\" for=\"wpforms-155-field_0\">Pr\u00e9non et nom de l&#039;enfant<\/label><input type=\"text\" id=\"wpforms-155-field_0\" class=\"wpforms-field-large\" name=\"wpforms[fields][0]\" aria-errormessage=\"wpforms-155-field_0-error\" ><\/div><div id=\"wpforms-155-field_17-container\" class=\"wpforms-field wpforms-field-text\" data-field-id=\"17\"><label class=\"wpforms-field-label\" for=\"wpforms-155-field_17\">Date de naissance<\/label><input type=\"text\" id=\"wpforms-155-field_17\" class=\"wpforms-field-medium\" name=\"wpforms[fields][17]\" aria-errormessage=\"wpforms-155-field_17-error\" aria-describedby=\"wpforms-155-field_17-description\" ><div id=\"wpforms-155-field_17-description\" class=\"wpforms-field-description\">JJ\/MM\/YYYY<\/div><\/div><div id=\"wpforms-155-field_4-container\" class=\"wpforms-field wpforms-field-text\" data-field-id=\"4\"><label class=\"wpforms-field-label\" for=\"wpforms-155-field_4\">Ann\u00e9e scolaire \u00e0 la rentr\u00e9e de sept 2025<\/label><input type=\"text\" id=\"wpforms-155-field_4\" class=\"wpforms-field-medium\" name=\"wpforms[fields][4]\" aria-errormessage=\"wpforms-155-field_4-error\" ><\/div>\t\t<div id=\"wpforms-155-field_2-container\"\n\t\t\tclass=\"wpforms-field wpforms-field-text\"\n\t\t\tdata-field-type=\"text\"\n\t\t\tdata-field-id=\"2\"\n\t\t\t>\n\t\t\t<label class=\"wpforms-field-label\" for=\"wpforms-155-field_2\" >Ann\u00e9e de et<\/label>\n\t\t\t<input type=\"text\" id=\"wpforms-155-field_2\" class=\"wpforms-field-medium\" name=\"wpforms[fields][2]\" >\n\t\t<\/div>\n\t\t<div id=\"wpforms-155-field_5-container\" class=\"wpforms-field wpforms-field-number\" data-field-id=\"5\"><label class=\"wpforms-field-label\" for=\"wpforms-155-field_5\">Niveau du cours 2024-2025 (en cas de r\u00e9inscription)<\/label><input type=\"number\" id=\"wpforms-155-field_5\" class=\"wpforms-field-medium\" name=\"wpforms[fields][5]\" step=\"any\" aria-errormessage=\"wpforms-155-field_5-error\" aria-describedby=\"wpforms-155-field_5-description\" ><div id=\"wpforms-155-field_5-description\" class=\"wpforms-field-description\">Si vous n&#8217;\u00eates pas s\u00fbr indiquer l&#8217;heure et le lieu du cours auquel votre enfant \u00e9tait inscrit en 2024-2025<\/div><\/div><div id=\"wpforms-155-field_7-container\" class=\"wpforms-field wpforms-field-checkbox wpforms-list-3-columns\" data-field-id=\"7\"><fieldset><legend class=\"wpforms-field-label\">Cours souhait\u00e9 en 2025-2026<\/legend><ul id=\"wpforms-155-field_7\" data-choice-limit=\"3\"><li class=\"choice-2 depth-1\"><input type=\"checkbox\" id=\"wpforms-155-field_7_2\" data-rule-check-limit=\"true\" name=\"wpforms[fields][7][]\" value=\"Versailles\" aria-errormessage=\"wpforms-155-field_7_2-error\"  ><label class=\"wpforms-field-label-inline\" for=\"wpforms-155-field_7_2\">Versailles<\/label><\/li><li class=\"choice-3 depth-1\"><input type=\"checkbox\" id=\"wpforms-155-field_7_3\" data-rule-check-limit=\"true\" name=\"wpforms[fields][7][]\" value=\"A distance\" aria-errormessage=\"wpforms-155-field_7_3-error\"  ><label class=\"wpforms-field-label-inline\" for=\"wpforms-155-field_7_3\">A distance<\/label><\/li><\/ul><\/fieldset><\/div><div id=\"wpforms-155-field_22-container\" class=\"wpforms-field wpforms-field-text\" data-field-id=\"22\"><label class=\"wpforms-field-label\" for=\"wpforms-155-field_22\">Heure du cours souhait\u00e9e<\/label><input type=\"text\" id=\"wpforms-155-field_22\" class=\"wpforms-field-medium\" name=\"wpforms[fields][22]\" aria-errormessage=\"wpforms-155-field_22-error\" aria-describedby=\"wpforms-155-field_22-description\" ><div id=\"wpforms-155-field_22-description\" class=\"wpforms-field-description\">R\u00e9f\u00e9rez-vous \u00e0 nos plannings de cours hebdomadaires avant de renseigner cette information. Vous pouvez demander plusieurs options. <\/div><\/div><div id=\"wpforms-155-field_12-container\" class=\"wpforms-field wpforms-field-name\" data-field-id=\"12\"><label class=\"wpforms-field-label\" for=\"wpforms-155-field_12\">Pr\u00e9nom et nom du parent <span class=\"wpforms-required-label\" aria-hidden=\"true\">*<\/span><\/label><input type=\"text\" id=\"wpforms-155-field_12\" class=\"wpforms-field-large wpforms-field-required\" name=\"wpforms[fields][12]\" aria-errormessage=\"wpforms-155-field_12-error\" required><\/div><div id=\"wpforms-155-field_1-container\" class=\"wpforms-field wpforms-field-email\" data-field-id=\"1\"><label class=\"wpforms-field-label\" for=\"wpforms-155-field_1\">Adresse mail <span class=\"wpforms-required-label\" aria-hidden=\"true\">*<\/span><\/label><input type=\"email\" id=\"wpforms-155-field_1\" class=\"wpforms-field-medium wpforms-field-required\" name=\"wpforms[fields][1]\" spellcheck=\"false\" aria-errormessage=\"wpforms-155-field_1-error\" required><\/div><div id=\"wpforms-155-field_18-container\" class=\"wpforms-field wpforms-field-text\" data-field-id=\"18\"><label class=\"wpforms-field-label\" for=\"wpforms-155-field_18\">Num\u00e9ro de t\u00e9l\u00e9phone <span class=\"wpforms-required-label\" aria-hidden=\"true\">*<\/span><\/label><input type=\"text\" id=\"wpforms-155-field_18\" class=\"wpforms-field-medium wpforms-field-required\" name=\"wpforms[fields][18]\" aria-errormessage=\"wpforms-155-field_18-error\" required><\/div><div id=\"wpforms-155-field_15-container\" class=\"wpforms-field wpforms-field-checkbox\" data-field-id=\"15\"><fieldset><legend class=\"wpforms-field-label\">Accord <span class=\"wpforms-required-label\" aria-hidden=\"true\">*<\/span><\/legend><ul id=\"wpforms-155-field_15\" class=\"wpforms-field-required\"><li class=\"choice-1 depth-1\"><input type=\"checkbox\" id=\"wpforms-155-field_15_1\" name=\"wpforms[fields][15][]\" value=\"Je consente \u00e0 l&#039;enregistrement de mes informations personnelles qui ne seront pas diffus\u00e9es ni c\u00e9d\u00e9es \u00e0 un tier\" aria-errormessage=\"wpforms-155-field_15_1-error\" required ><label class=\"wpforms-field-label-inline\" for=\"wpforms-155-field_15_1\">Je consente \u00e0 l&#8217;enregistrement de mes informations personnelles qui ne seront pas diffus\u00e9es ni c\u00e9d\u00e9es \u00e0 un tier<\/label><\/li><\/ul><\/fieldset><\/div><script>\n\t\t\t\t( function() {\n\t\t\t\t\tconst style = document.createElement( 'style' );\n\t\t\t\t\tstyle.appendChild( document.createTextNode( '#wpforms-155-field_2-container { position: absolute !important; overflow: hidden !important; display: inline !important; height: 1px !important; width: 1px !important; z-index: -1000 !important; padding: 0 !important; } #wpforms-155-field_2-container input { visibility: hidden; } #wpforms-conversational-form-page #wpforms-155-field_2-container label { counter-increment: none; }' ) );\n\t\t\t\t\tdocument.head.appendChild( style );\n\t\t\t\t\tdocument.currentScript?.remove();\n\t\t\t\t} )();\n\t\t\t<\/script><\/div><!-- .wpforms-field-container --><div class=\"wpforms-recaptcha-container wpforms-is-recaptcha wpforms-is-recaptcha-type-v3\" ><input type=\"hidden\" name=\"wpforms[recaptcha]\" value=\"\"><\/div><div class=\"wpforms-submit-container\" ><input type=\"hidden\" name=\"wpforms[id]\" value=\"155\"><input type=\"hidden\" name=\"page_title\" value=\"\"><input type=\"hidden\" name=\"page_url\" value=\"https:\/\/lecartableanglais.fr\/index.php\/wp-json\/wp\/v2\/pages\/160\"><input type=\"hidden\" name=\"url_referer\" value=\"\"><button type=\"submit\" name=\"wpforms[submit]\" id=\"wpforms-submit-155\" class=\"wpforms-submit\" data-alt-text=\"Merci pour votre demande, nous revenons rapidement vers vous.\" data-submit-text=\"Envoyer\" aria-live=\"assertive\" value=\"wpforms-submit\">Envoyer<\/button><img loading=\"lazy\" decoding=\"async\" src=\"https:\/\/lecartableanglais.fr\/wp-content\/plugins\/wpforms-lite\/assets\/images\/submit-spin.svg\" class=\"wpforms-submit-spinner\" style=\"display: none;\" width=\"26\" height=\"26\" alt=\"Loading\"><\/div><\/form><\/div>  <!-- .wpforms-container -->","protected":false},"excerpt":{"rendered":"","protected":false},"author":1,"featured_media":45,"parent":0,"menu_order":0,"comment_status":"closed","ping_status":"closed","template":"","meta":{"footnotes":""},"class_list":["post-160","page","type-page","status-publish","has-post-thumbnail","hentry"],"blocksy_meta":[],"_links":{"self":[{"href":"https:\/\/lecartableanglais.fr\/index.php\/wp-json\/wp\/v2\/pages\/160","targetHints":{"allow":["GET"]}}],"collection":[{"href":"https:\/\/lecartableanglais.fr\/index.php\/wp-json\/wp\/v2\/pages"}],"about":[{"href":"https:\/\/lecartableanglais.fr\/index.php\/wp-json\/wp\/v2\/types\/page"}],"author":[{"embeddable":true,"href":"https:\/\/lecartableanglais.fr\/index.php\/wp-json\/wp\/v2\/users\/1"}],"replies":[{"embeddable":true,"href":"https:\/\/lecartableanglais.fr\/index.php\/wp-json\/wp\/v2\/comments?post=160"}],"version-history":[{"count":1,"href":"https:\/\/lecartableanglais.fr\/index.php\/wp-json\/wp\/v2\/pages\/160\/revisions"}],"predecessor-version":[{"id":161,"href":"https:\/\/lecartableanglais.fr\/index.php\/wp-json\/wp\/v2\/pages\/160\/revisions\/161"}],"wp:featuredmedia":[{"embeddable":true,"href":"https:\/\/lecartableanglais.fr\/index.php\/wp-json\/wp\/v2\/media\/45"}],"wp:attachment":[{"href":"https:\/\/lecartableanglais.fr\/index.php\/wp-json\/wp\/v2\/media?parent=160"}],"curies":[{"name":"wp","href":"https:\/\/api.w.org\/{rel}","templated":true}]}}